{"id":12122,"date":"2026-02-15T11:26:41","date_gmt":"2026-02-15T10:26:41","guid":{"rendered":"https:\/\/enjoyibizacharter.com\/terminos-y-condiciones\/"},"modified":"2026-04-10T12:20:17","modified_gmt":"2026-04-10T10:20:17","slug":"terms-and-conditions","status":"publish","type":"page","link":"https:\/\/enjoyibizacharter.com\/en\/terms-and-conditions\/","title":{"rendered":"Terms and Conditions"},"content":{"rendered":"<h1>GENERAL TERMS AND CONDITIONS OF CONTRACT<\/h1>\n<hr>\n<p>&nbsp;<\/p>\n<p><strong>I. FORMALIZATION OF THE RESERVATION AND METHODS OF PAYMENT<\/strong><\/p>\n<p>To formalize a reservation, with the boat and the desired dates, would be completed from the moment the company receives the payment for the amount of 50% of the total amount of the rent (less the payment through the web). The remaining amount must be paid on the day of embarkation, prior to the start of the rental, specifying with the company and through one of the following payment methods: <\/p>\n<ul>\n<li>Debit\/Credit Card: Visa, MasterCard<\/li>\n<li>Cash<\/li>\n<li>Bank transfer<\/li>\n<li>Bizum<\/li>\n<li>100% payment through the web<\/li>\n<\/ul>\n<p>&nbsp;<\/p>\n<p><strong>II. CANCELLATIONS <\/strong><\/p>\n<p>In the case of cancellations without justified cause*, or no-shows on the day and time of the rental, a penalty of 50% of the total rental price will be charged.<\/p>\n<p>In case of not being able to perform the charter on the reserved day, due to adverse weather conditions, the charter company will offer the possibility of changing the day, according to availability. In case there is no availability or the new date does not suit the client, the full amount will be refunded. <\/p>\n<p>The decision for cancellation, depending on the weather, is up to the rental company.<\/p>\n<p>This will apply in the case of constant winds of more than 25 knots or heavy rain at the time of departure.<\/p>\n<p><strong>III. FUEL <\/strong><\/p>\n<p>Fuel is not included in the rental price. Each boat has a different consumption, which is specified in the characteristics of each file. All boats will be delivered with a full tank, and it is the customer&#8217;s responsibility to deliver them with a full tank on their return to the port. In the case of rental without professional skipper, an escort service is offered to the gas station and then to the mooring, for the tranquility of the customer.   <\/p>\n<p><strong>IV. HIRING A PROFESSIONAL EMPLOYER <\/strong><\/p>\n<p><strong>Depending on the boat, it may be optional or mandatory to hire a skipper.<\/strong><\/p>\n<p>Regardless of the size of the boat, you can hire a professional skipper, together with the rental contract. This way you will make the most of your day and you will be more carefree in the hands of someone competent and knowledgeable of the area. <\/p>\n<p>At the time of boarding should be paid the amount of their services. The price of this service is from 150\u20ac. <\/p>\n<p><strong>V. BOND<\/strong><\/p>\n<p>Normally the condition of paying a deposit is required when hiring a boat without a skipper, but there may be exceptions, depending on the boat. In this exception, a bond would be required even if a professional skipper is hired. <\/p>\n<p>At the time of signing the rental contract and delivery of the boat, the CUSTOMER shall pay, as a deposit, a deposit to guarantee any breakdown, loss, breakage or damage caused by misuse of the boat and its contents. This amount shall be fixed in the rental contract. <\/p>\n<p>The deposit can be paid by credit card or in cash at the time of boarding. In the case of credit card, the time limit for the return of the deposit will be fixed by the bank&#8217;s conditions. <\/p>\n<p><strong>VI. RENTAL SCHEDULE <\/strong><\/p>\n<p>The rental schedule is reflected in the description of the boat, and may change in different boats. Normally they are rentals of between 8 or 9 hours. Half day or sunset rentals are 4 hours. It is necessary to confirm with the company, the schedule when the client wants to embark.   <\/p>\n<p><strong>VII. RETURN <\/strong><\/p>\n<p>The boat must be returned at the same pick up point of the port of delivery, respecting the schedule agreed in the contract. Failure to do so may affect the deposit. <\/p>\n<p>* Justifiable causes would be an illness with medical proof, a positive Covid test, or being in close contact with an infected person and having to make a quarantine.<\/p>\n","protected":false},"excerpt":{"rendered":"<p>GENERAL TERMS AND CONDITIONS OF CONTRACT &nbsp; I. FORMALIZATION OF THE RESERVATION AND METHODS OF PAYMENT To formalize a reservation, with the boat and the desired dates, would be completed from the moment the company receives the payment for the amount of 50% of the total amount of the rent (less the payment through the [&hellip;]<\/p>\n","protected":false},"author":1,"featured_media":0,"parent":0,"menu_order":18,"comment_status":"closed","ping_status":"closed","template":"","meta":{"_acf_changed":false,"_joinchat":[],"footnotes":""},"class_list":["post-12122","page","type-page","status-publish","hentry"],"acf":[],"yoast_head":"<!-- This site is optimized with the Yoast SEO Premium plugin v26.6 (Yoast SEO v27.4) - https:\/\/yoast.com\/product\/yoast-seo-premium-wordpress\/ -->\n<title>Terms and Conditions - Enjoy Ibiza Charter<\/title>\n<meta name=\"description\" content=\"Explore our terms and conditions for a safe and transparent web experience. ???? Enjoy Ibiza Charter.\" \/>\n<meta name=\"robots\" content=\"index, follow, max-snippet:-1, max-image-preview:large, max-video-preview:-1\" \/>\n<link rel=\"canonical\" href=\"https:\/\/enjoyibizacharter.com\/en\/terms-and-conditions\/\" \/>\n<meta property=\"og:locale\" content=\"en_US\" \/>\n<meta property=\"og:type\" content=\"article\" \/>\n<meta property=\"og:title\" content=\"Terms and Conditions\" \/>\n<meta property=\"og:description\" content=\"Explore our terms and conditions for a safe and transparent web experience. ???? Enjoy Ibiza Charter.\" \/>\n<meta property=\"og:url\" content=\"https:\/\/enjoyibizacharter.com\/en\/terms-and-conditions\/\" \/>\n<meta property=\"og:site_name\" content=\"Enjoy Ibiza Charter\" \/>\n<meta property=\"article:publisher\" content=\"https:\/\/www.facebook.com\/enjoyibizacharter\" \/>\n<meta property=\"article:modified_time\" content=\"2026-04-10T10:20:17+00:00\" \/>\n<meta property=\"og:image\" content=\"https:\/\/enjoyibizacharter.com\/wp-content\/uploads\/2026\/02\/icono-enjoy-ibiza-charter.webp\" \/>\n\t<meta property=\"og:image:width\" content=\"512\" \/>\n\t<meta property=\"og:image:height\" content=\"512\" \/>\n\t<meta property=\"og:image:type\" content=\"image\/webp\" \/>\n<meta name=\"twitter:card\" content=\"summary_large_image\" \/>\n<meta name=\"twitter:label1\" content=\"Est. reading time\" \/>\n\t<meta name=\"twitter:data1\" content=\"3 minutes\" \/>\n<script type=\"application\/ld+json\" class=\"yoast-schema-graph\">{\"@context\":\"https:\\\/\\\/schema.org\",\"@graph\":[{\"@type\":\"WebPage\",\"@id\":\"https:\\\/\\\/enjoyibizacharter.com\\\/en\\\/terms-and-conditions\\\/\",\"url\":\"https:\\\/\\\/enjoyibizacharter.com\\\/en\\\/terms-and-conditions\\\/\",\"name\":\"Terms and Conditions - Enjoy Ibiza Charter\",\"isPartOf\":{\"@id\":\"https:\\\/\\\/enjoyibizacharter.com\\\/en\\\/#website\"},\"datePublished\":\"2026-02-15T10:26:41+00:00\",\"dateModified\":\"2026-04-10T10:20:17+00:00\",\"description\":\"Explore our terms and conditions for a safe and transparent web experience. ???? Enjoy Ibiza Charter.\",\"breadcrumb\":{\"@id\":\"https:\\\/\\\/enjoyibizacharter.com\\\/en\\\/terms-and-conditions\\\/#breadcrumb\"},\"inLanguage\":\"en-US\",\"potentialAction\":[{\"@type\":\"ReadAction\",\"target\":[\"https:\\\/\\\/enjoyibizacharter.com\\\/en\\\/terms-and-conditions\\\/\"]}]},{\"@type\":\"BreadcrumbList\",\"@id\":\"https:\\\/\\\/enjoyibizacharter.com\\\/en\\\/terms-and-conditions\\\/#breadcrumb\",\"itemListElement\":[{\"@type\":\"ListItem\",\"position\":1,\"name\":\"Inicio\",\"item\":\"https:\\\/\\\/enjoyibizacharter.com\\\/en\\\/home\\\/\"},{\"@type\":\"ListItem\",\"position\":2,\"name\":\"Terms and Conditions\"}]},{\"@type\":\"WebSite\",\"@id\":\"https:\\\/\\\/enjoyibizacharter.com\\\/en\\\/#website\",\"url\":\"https:\\\/\\\/enjoyibizacharter.com\\\/en\\\/\",\"name\":\"Enjoy Ibiza Charter\",\"description\":\"Charter y Servicios N\u00e1uticos en Ibiza\",\"publisher\":{\"@id\":\"https:\\\/\\\/enjoyibizacharter.com\\\/en\\\/#organization\"},\"alternateName\":\"Enjoy Ibiza Charter\",\"potentialAction\":[{\"@type\":\"SearchAction\",\"target\":{\"@type\":\"EntryPoint\",\"urlTemplate\":\"https:\\\/\\\/enjoyibizacharter.com\\\/en\\\/?s={search_term_string}\"},\"query-input\":{\"@type\":\"PropertyValueSpecification\",\"valueRequired\":true,\"valueName\":\"search_term_string\"}}],\"inLanguage\":\"en-US\"},{\"@type\":\"Organization\",\"@id\":\"https:\\\/\\\/enjoyibizacharter.com\\\/en\\\/#organization\",\"name\":\"Enjoy Ibiza Charter\",\"alternateName\":\"Enjoy Ibiza Charter\",\"url\":\"https:\\\/\\\/enjoyibizacharter.com\\\/en\\\/\",\"logo\":{\"@type\":\"ImageObject\",\"inLanguage\":\"en-US\",\"@id\":\"https:\\\/\\\/enjoyibizacharter.com\\\/en\\\/#\\\/schema\\\/logo\\\/image\\\/\",\"url\":\"https:\\\/\\\/enjoyibizacharter.com\\\/wp-content\\\/uploads\\\/2026\\\/02\\\/icono-enjoy-ibiza-charter.webp\",\"contentUrl\":\"https:\\\/\\\/enjoyibizacharter.com\\\/wp-content\\\/uploads\\\/2026\\\/02\\\/icono-enjoy-ibiza-charter.webp\",\"width\":512,\"height\":512,\"caption\":\"Enjoy Ibiza Charter\"},\"image\":{\"@id\":\"https:\\\/\\\/enjoyibizacharter.com\\\/en\\\/#\\\/schema\\\/logo\\\/image\\\/\"},\"sameAs\":[\"https:\\\/\\\/www.facebook.com\\\/enjoyibizacharter\",\"https:\\\/\\\/www.instagram.com\\\/enjoyibizacharter\"],\"description\":\"Empresa especializada en charter n\u00e1utico con gesti\u00f3n directa de flota en Ibiza y Formentera. M\u00e1s de 15 a\u00f1os de experiencia y equipo local.\",\"email\":\"info@enjoyibizacharter.com\",\"telephone\":\"(+34) 640 559 890\",\"legalName\":\"Enjoy Ibiza Charter\",\"vatID\":\"X3630038V\"}]}<\/script>\n<!-- \/ Yoast SEO Premium plugin. -->","yoast_head_json":{"title":"Terms and Conditions - Enjoy Ibiza Charter","description":"Explore our terms and conditions for a safe and transparent web experience. ???? Enjoy Ibiza Charter.","robots":{"index":"index","follow":"follow","max-snippet":"max-snippet:-1","max-image-preview":"max-image-preview:large","max-video-preview":"max-video-preview:-1"},"canonical":"https:\/\/enjoyibizacharter.com\/en\/terms-and-conditions\/","og_locale":"en_US","og_type":"article","og_title":"Terms and Conditions","og_description":"Explore our terms and conditions for a safe and transparent web experience. ???? Enjoy Ibiza Charter.","og_url":"https:\/\/enjoyibizacharter.com\/en\/terms-and-conditions\/","og_site_name":"Enjoy Ibiza Charter","article_publisher":"https:\/\/www.facebook.com\/enjoyibizacharter","article_modified_time":"2026-04-10T10:20:17+00:00","og_image":[{"width":512,"height":512,"url":"https:\/\/enjoyibizacharter.com\/wp-content\/uploads\/2026\/02\/icono-enjoy-ibiza-charter.webp","type":"image\/webp"}],"twitter_card":"summary_large_image","twitter_misc":{"Est. reading time":"3 minutes"},"schema":{"@context":"https:\/\/schema.org","@graph":[{"@type":"WebPage","@id":"https:\/\/enjoyibizacharter.com\/en\/terms-and-conditions\/","url":"https:\/\/enjoyibizacharter.com\/en\/terms-and-conditions\/","name":"Terms and Conditions - Enjoy Ibiza Charter","isPartOf":{"@id":"https:\/\/enjoyibizacharter.com\/en\/#website"},"datePublished":"2026-02-15T10:26:41+00:00","dateModified":"2026-04-10T10:20:17+00:00","description":"Explore our terms and conditions for a safe and transparent web experience. ???? Enjoy Ibiza Charter.","breadcrumb":{"@id":"https:\/\/enjoyibizacharter.com\/en\/terms-and-conditions\/#breadcrumb"},"inLanguage":"en-US","potentialAction":[{"@type":"ReadAction","target":["https:\/\/enjoyibizacharter.com\/en\/terms-and-conditions\/"]}]},{"@type":"BreadcrumbList","@id":"https:\/\/enjoyibizacharter.com\/en\/terms-and-conditions\/#breadcrumb","itemListElement":[{"@type":"ListItem","position":1,"name":"Inicio","item":"https:\/\/enjoyibizacharter.com\/en\/home\/"},{"@type":"ListItem","position":2,"name":"Terms and Conditions"}]},{"@type":"WebSite","@id":"https:\/\/enjoyibizacharter.com\/en\/#website","url":"https:\/\/enjoyibizacharter.com\/en\/","name":"Enjoy Ibiza Charter","description":"Charter y Servicios N\u00e1uticos en Ibiza","publisher":{"@id":"https:\/\/enjoyibizacharter.com\/en\/#organization"},"alternateName":"Enjoy Ibiza Charter","potentialAction":[{"@type":"SearchAction","target":{"@type":"EntryPoint","urlTemplate":"https:\/\/enjoyibizacharter.com\/en\/?s={search_term_string}"},"query-input":{"@type":"PropertyValueSpecification","valueRequired":true,"valueName":"search_term_string"}}],"inLanguage":"en-US"},{"@type":"Organization","@id":"https:\/\/enjoyibizacharter.com\/en\/#organization","name":"Enjoy Ibiza Charter","alternateName":"Enjoy Ibiza Charter","url":"https:\/\/enjoyibizacharter.com\/en\/","logo":{"@type":"ImageObject","inLanguage":"en-US","@id":"https:\/\/enjoyibizacharter.com\/en\/#\/schema\/logo\/image\/","url":"https:\/\/enjoyibizacharter.com\/wp-content\/uploads\/2026\/02\/icono-enjoy-ibiza-charter.webp","contentUrl":"https:\/\/enjoyibizacharter.com\/wp-content\/uploads\/2026\/02\/icono-enjoy-ibiza-charter.webp","width":512,"height":512,"caption":"Enjoy Ibiza Charter"},"image":{"@id":"https:\/\/enjoyibizacharter.com\/en\/#\/schema\/logo\/image\/"},"sameAs":["https:\/\/www.facebook.com\/enjoyibizacharter","https:\/\/www.instagram.com\/enjoyibizacharter"],"description":"Empresa especializada en charter n\u00e1utico con gesti\u00f3n directa de flota en Ibiza y Formentera. M\u00e1s de 15 a\u00f1os de experiencia y equipo local.","email":"info@enjoyibizacharter.com","telephone":"(+34) 640 559 890","legalName":"Enjoy Ibiza Charter","vatID":"X3630038V"}]}},"_links":{"self":[{"href":"https:\/\/enjoyibizacharter.com\/en\/wp-json\/wp\/v2\/pages\/12122","targetHints":{"allow":["GET"]}}],"collection":[{"href":"https:\/\/enjoyibizacharter.com\/en\/wp-json\/wp\/v2\/pages"}],"about":[{"href":"https:\/\/enjoyibizacharter.com\/en\/wp-json\/wp\/v2\/types\/page"}],"author":[{"embeddable":true,"href":"https:\/\/enjoyibizacharter.com\/en\/wp-json\/wp\/v2\/users\/1"}],"replies":[{"embeddable":true,"href":"https:\/\/enjoyibizacharter.com\/en\/wp-json\/wp\/v2\/comments?post=12122"}],"version-history":[{"count":1,"href":"https:\/\/enjoyibizacharter.com\/en\/wp-json\/wp\/v2\/pages\/12122\/revisions"}],"predecessor-version":[{"id":12124,"href":"https:\/\/enjoyibizacharter.com\/en\/wp-json\/wp\/v2\/pages\/12122\/revisions\/12124"}],"wp:attachment":[{"href":"https:\/\/enjoyibizacharter.com\/en\/wp-json\/wp\/v2\/media?parent=12122"}],"curies":[{"name":"wp","href":"https:\/\/api.w.org\/{rel}","templated":true}]}}