{"id":12118,"date":"2026-02-17T08:36:53","date_gmt":"2026-02-17T07:36:53","guid":{"rendered":"https:\/\/enjoyibizacharter.com\/traslado-de-embarcaciones\/"},"modified":"2026-04-10T11:22:48","modified_gmt":"2026-04-10T09:22:48","slug":"boat-transfers","status":"publish","type":"page","link":"https:\/\/enjoyibizacharter.com\/en\/boat-transfers\/","title":{"rendered":"Boat Transfers"},"content":{"rendered":"\t\t<div data-elementor-type=\"wp-page\" data-elementor-id=\"12118\" class=\"elementor elementor-12118 elementor-9802\" data-elementor-post-type=\"page\">\n\t\t\t\t\t\t<section class=\"elementor-section elementor-top-section elementor-element elementor-element-52dee97 elementor-reverse-mobile elementor-section-boxed elementor-section-height-default elementor-section-height-default\" data-id=\"52dee97\" data-element_type=\"section\" data-e-type=\"section\">\n\t\t\t\t\t\t<div class=\"elementor-container elementor-column-gap-default\">\n\t\t\t\t\t<div class=\"elementor-column elementor-col-50 elementor-top-column elementor-element elementor-element-b088e8b\" data-id=\"b088e8b\" data-element_type=\"column\" data-e-type=\"column\">\n\t\t\t<div class=\"elementor-widget-wrap elementor-element-populated\">\n\t\t\t\t\t\t<div class=\"elementor-element elementor-element-9a1f6a5 elementor-widget elementor-widget-heading\" data-id=\"9a1f6a5\" data-element_type=\"widget\" data-e-type=\"widget\" data-widget_type=\"heading.default\">\n\t\t\t\t<div class=\"elementor-widget-container\">\n\t\t\t\t\t<h1 class=\"elementor-heading-title elementor-size-default\">Boat Relocation: Customized Solutions for Motor and Sailing Boats<\/h1>\t\t\t\t<\/div>\n\t\t\t\t<\/div>\n\t\t\t\t<div class=\"elementor-element elementor-element-44199c7 elementor-widget elementor-widget-text-editor\" data-id=\"44199c7\" data-element_type=\"widget\" data-e-type=\"widget\" data-widget_type=\"text-editor.default\">\n\t\t\t\t<div class=\"elementor-widget-container\">\n\t\t\t\t\t\t\t\t\t<p>Our <strong>boat transfer<\/strong> service offers customized solutions for both <strong>motor<\/strong> and <strong>sailing<\/strong> boats, regardless of your sailing area. We have a wide network of highly qualified professionals to guarantee the safe and reliable transportation of your vessel to any destination.<\/p>\t\t\t\t\t\t\t\t<\/div>\n\t\t\t\t<\/div>\n\t\t\t\t<div class=\"elementor-element elementor-element-9e5eaa3 elementor-widget elementor-widget-heading\" data-id=\"9e5eaa3\" data-element_type=\"widget\" data-e-type=\"widget\" data-widget_type=\"heading.default\">\n\t\t\t\t<div class=\"elementor-widget-container\">\n\t\t\t\t\t<h2 class=\"elementor-heading-title elementor-size-default\">Why Choose Our Boat Transfer Service?<\/h2>\t\t\t\t<\/div>\n\t\t\t\t<\/div>\n\t\t\t\t<div class=\"elementor-element elementor-element-d3034fe elementor-widget elementor-widget-text-editor\" data-id=\"d3034fe\" data-element_type=\"widget\" data-e-type=\"widget\" data-widget_type=\"text-editor.default\">\n\t\t\t\t<div class=\"elementor-widget-container\">\n\t\t\t\t\t\t\t\t\t<p>At <strong>Enjoy Ibiza Charter<\/strong>, we understand the importance of your boat and the trust you place in us for its transfer. With years of experience in the sector, we offer a service tailored to your needs, ensuring a <strong>professional and hassle-free transfer<\/strong>.<\/p>\t\t\t\t\t\t\t\t<\/div>\n\t\t\t\t<\/div>\n\t\t\t\t\t<\/div>\n\t\t<\/div>\n\t\t\t\t<div class=\"elementor-column elementor-col-50 elementor-top-column elementor-element elementor-element-4912fc3\" data-id=\"4912fc3\" data-element_type=\"column\" data-e-type=\"column\">\n\t\t\t<div class=\"elementor-widget-wrap elementor-element-populated\">\n\t\t\t\t\t\t<div class=\"elementor-element elementor-element-a212556 elementor-widget elementor-widget-image\" data-id=\"a212556\" data-element_type=\"widget\" data-e-type=\"widget\" data-widget_type=\"image.default\">\n\t\t\t\t<div class=\"elementor-widget-container\">\n\t\t\t\t\t\t\t\t\t\t\t\t\t\t\t<img fetchpriority=\"high\" decoding=\"async\" width=\"800\" height=\"534\" src=\"https:\/\/enjoyibizacharter.com\/wp-content\/uploads\/2026\/03\/traslado-de-embarcciones-enjoy-ibiza-charter-1024x683.png\" class=\"attachment-large size-large wp-image-12014\" alt=\"\" srcset=\"https:\/\/enjoyibizacharter.com\/wp-content\/uploads\/2026\/03\/traslado-de-embarcciones-enjoy-ibiza-charter-1024x683.png 1024w, https:\/\/enjoyibizacharter.com\/wp-content\/uploads\/2026\/03\/traslado-de-embarcciones-enjoy-ibiza-charter-300x200.png 300w, https:\/\/enjoyibizacharter.com\/wp-content\/uploads\/2026\/03\/traslado-de-embarcciones-enjoy-ibiza-charter-768x512.png 768w, https:\/\/enjoyibizacharter.com\/wp-content\/uploads\/2026\/03\/traslado-de-embarcciones-enjoy-ibiza-charter.png 1536w\" sizes=\"(max-width: 800px) 100vw, 800px\" \/>\t\t\t\t\t\t\t\t\t\t\t\t\t\t\t<\/div>\n\t\t\t\t<\/div>\n\t\t\t\t\t<\/div>\n\t\t<\/div>\n\t\t\t\t\t<\/div>\n\t\t<\/section>\n\t\t\t\t<section class=\"elementor-section elementor-top-section elementor-element elementor-element-4c1c30f elementor-reverse-mobile elementor-section-boxed elementor-section-height-default elementor-section-height-default\" data-id=\"4c1c30f\" data-element_type=\"section\" data-e-type=\"section\" data-settings=\"{&quot;background_background&quot;:&quot;classic&quot;}\">\n\t\t\t\t\t\t<div class=\"elementor-container elementor-column-gap-default\">\n\t\t\t\t\t<div class=\"elementor-column elementor-col-100 elementor-top-column elementor-element elementor-element-21825c4\" data-id=\"21825c4\" data-element_type=\"column\" data-e-type=\"column\">\n\t\t\t<div class=\"elementor-widget-wrap elementor-element-populated\">\n\t\t\t\t\t\t<div class=\"elementor-element elementor-element-351da92 elementor-widget elementor-widget-heading\" data-id=\"351da92\" data-element_type=\"widget\" data-e-type=\"widget\" data-widget_type=\"heading.default\">\n\t\t\t\t<div class=\"elementor-widget-container\">\n\t\t\t\t\t<h2 class=\"elementor-heading-title elementor-size-default\">Boat Transfer Services: Experience and Safety Guaranteed<\/h2>\t\t\t\t<\/div>\n\t\t\t\t<\/div>\n\t\t\t\t<div class=\"elementor-element elementor-element-5971d1a elementor-widget elementor-widget-text-editor\" data-id=\"5971d1a\" data-element_type=\"widget\" data-e-type=\"widget\" data-widget_type=\"text-editor.default\">\n\t\t\t\t<div class=\"elementor-widget-container\">\n\t\t\t\t\t\t\t\t\t<p>Whether you need to <strong>transport your boat to a new port<\/strong> for the season, move it for <strong>maintenance or storage<\/strong>, or take it to a specific destination for a special occasion, we are here to help. Our team takes care of every detail, from logistics to security, so that your boat arrives at its destination in perfect condition.<\/p>\t\t\t\t\t\t\t\t<\/div>\n\t\t\t\t<\/div>\n\t\t\t\t<div class=\"elementor-element elementor-element-47e5196 elementor-widget elementor-widget-heading\" data-id=\"47e5196\" data-element_type=\"widget\" data-e-type=\"widget\" data-widget_type=\"heading.default\">\n\t\t\t\t<div class=\"elementor-widget-container\">\n\t\t\t\t\t<h2 class=\"elementor-heading-title elementor-size-default\">Types of Boat Transfers We Offer<\/h2>\t\t\t\t<\/div>\n\t\t\t\t<\/div>\n\t\t\t\t<div class=\"elementor-element elementor-element-adedef6 elementor-widget elementor-widget-text-editor\" data-id=\"adedef6\" data-element_type=\"widget\" data-e-type=\"widget\" data-widget_type=\"text-editor.default\">\n\t\t\t\t<div class=\"elementor-widget-container\">\n\t\t\t\t\t\t\t\t\t<p>&#8211; <strong>Long distance transfer:<\/strong> transport of boats between different ports and destinations.<br><strong>&#8211; Maintenance transfer:<\/strong> we take your boat to the appropriate facilities for overhaul, repair or storage.<br><strong>&#8211; Tailor-made transport:<\/strong> customized services according to the size, type and specific requirements of your boat.<\/p>\t\t\t\t\t\t\t\t<\/div>\n\t\t\t\t<\/div>\n\t\t\t\t<div class=\"elementor-element elementor-element-42a8ded elementor-widget elementor-widget-heading\" data-id=\"42a8ded\" data-element_type=\"widget\" data-e-type=\"widget\" data-widget_type=\"heading.default\">\n\t\t\t\t<div class=\"elementor-widget-container\">\n\t\t\t\t\t<h2 class=\"elementor-heading-title elementor-size-default\">Rely on Professionals for the Safe Transfer of your Vessel<\/h2>\t\t\t\t<\/div>\n\t\t\t\t<\/div>\n\t\t\t\t<div class=\"elementor-element elementor-element-253edf6 elementor-widget elementor-widget-text-editor\" data-id=\"253edf6\" data-element_type=\"widget\" data-e-type=\"widget\" data-widget_type=\"text-editor.default\">\n\t\t\t\t<div class=\"elementor-widget-container\">\n\t\t\t\t\t\t\t\t\t<p>Our experience and dedication make us a reliable option for the <strong>transfer of boats<\/strong>. From small yachts to large sailing boats, we guarantee maximum safety in every transfer. Our team takes care of all the logistics, adapting to the specific needs of your ship and destination.<\/p>\t\t\t\t\t\t\t\t<\/div>\n\t\t\t\t<\/div>\n\t\t\t\t\t<\/div>\n\t\t<\/div>\n\t\t\t\t\t<\/div>\n\t\t<\/section>\n\t\t\t\t<section class=\"elementor-section elementor-top-section elementor-element elementor-element-27c439c elementor-reverse-mobile elementor-section-boxed elementor-section-height-default elementor-section-height-default\" data-id=\"27c439c\" data-element_type=\"section\" data-e-type=\"section\" data-settings=\"{&quot;background_background&quot;:&quot;classic&quot;}\">\n\t\t\t\t\t\t<div class=\"elementor-container elementor-column-gap-default\">\n\t\t\t\t\t<div class=\"elementor-column elementor-col-100 elementor-top-column elementor-element elementor-element-9d42a73\" data-id=\"9d42a73\" data-element_type=\"column\" data-e-type=\"column\">\n\t\t\t<div class=\"elementor-widget-wrap elementor-element-populated\">\n\t\t\t\t\t\t<div class=\"elementor-element elementor-element-2f2138a elementor-widget elementor-widget-heading\" data-id=\"2f2138a\" data-element_type=\"widget\" data-e-type=\"widget\" data-widget_type=\"heading.default\">\n\t\t\t\t<div class=\"elementor-widget-container\">\n\t\t\t\t\t<h2 class=\"elementor-heading-title elementor-size-default\">Request a Personalized Quote for your Boat Relocation<\/h2>\t\t\t\t<\/div>\n\t\t\t\t<\/div>\n\t\t\t\t<div class=\"elementor-element elementor-element-0da04aa elementor-widget elementor-widget-text-editor\" data-id=\"0da04aa\" data-element_type=\"widget\" data-e-type=\"widget\" data-widget_type=\"text-editor.default\">\n\t\t\t\t<div class=\"elementor-widget-container\">\n\t\t\t\t\t\t\t\t\t<p>Contact us today for a <strong>customized quote<\/strong> and find out how we can help you move your boat <strong>quickly, safely and efficiently<\/strong>. We&#8217;re here to make sure your boat gets where you need it to go, hassle-free and with total peace of mind.<\/p>\t\t\t\t\t\t\t\t<\/div>\n\t\t\t\t<\/div>\n\t\t\t\t<div class=\"elementor-element elementor-element-fd47685 elementor-mobile-align-center elementor-widget elementor-widget-button\" data-id=\"fd47685\" data-element_type=\"widget\" data-e-type=\"widget\" data-widget_type=\"button.default\">\n\t\t\t\t<div class=\"elementor-widget-container\">\n\t\t\t\t\t\t\t\t\t<div class=\"elementor-button-wrapper\">\n\t\t\t\t\t<a class=\"elementor-button elementor-button-link elementor-size-sm\" href=\"https:\/\/enjoyibizacharter.com\/en\/contact\/\">\n\t\t\t\t\t\t<span class=\"elementor-button-content-wrapper\">\n\t\t\t\t\t\t\t\t\t<span class=\"elementor-button-text\">Send us your request without commitment<\/span>\n\t\t\t\t\t<\/span>\n\t\t\t\t\t<\/a>\n\t\t\t\t<\/div>\n\t\t\t\t\t\t\t\t<\/div>\n\t\t\t\t<\/div>\n\t\t\t\t\t<\/div>\n\t\t<\/div>\n\t\t\t\t\t<\/div>\n\t\t<\/section>\n\t\t\t\t<\/div>\n\t\t","protected":false},"excerpt":{"rendered":"<p>Boat Relocation: Customized Solutions for Motor and Sailing Boats Our boat transfer service offers customized solutions for both motor and sailing boats, regardless of your sailing area. We have a wide network of highly qualified professionals to guarantee the safe and reliable transportation of your vessel to any destination. Why Choose Our Boat Transfer Service? [&hellip;]<\/p>\n","protected":false},"author":1,"featured_media":0,"parent":0,"menu_order":10,"comment_status":"closed","ping_status":"closed","template":"","meta":{"_acf_changed":false,"_joinchat":[],"footnotes":""},"class_list":["post-12118","page","type-page","status-publish","hentry"],"acf":[],"yoast_head":"<!-- This site is optimized with the Yoast SEO Premium plugin v26.6 (Yoast SEO v27.4) - https:\/\/yoast.com\/product\/yoast-seo-premium-wordpress\/ -->\n<title>Boat Transfers | Enjoy Ibiza Charter<\/title>\n<meta name=\"description\" content=\"Professional boat transfer service between ports and destinations. Complete coordination, security and customized planning.\" \/>\n<meta name=\"robots\" content=\"index, follow, max-snippet:-1, max-image-preview:large, max-video-preview:-1\" \/>\n<link rel=\"canonical\" href=\"https:\/\/enjoyibizacharter.com\/en\/boat-transfers\/\" \/>\n<meta property=\"og:locale\" content=\"en_US\" \/>\n<meta property=\"og:type\" content=\"article\" \/>\n<meta property=\"og:title\" content=\"Boat Transfers\" \/>\n<meta property=\"og:description\" content=\"Professional boat transfer service between ports and destinations. Complete coordination, security and customized planning.\" \/>\n<meta property=\"og:url\" content=\"https:\/\/enjoyibizacharter.com\/en\/boat-transfers\/\" \/>\n<meta property=\"og:site_name\" content=\"Enjoy Ibiza Charter\" \/>\n<meta property=\"article:publisher\" content=\"https:\/\/www.facebook.com\/enjoyibizacharter\" \/>\n<meta property=\"article:modified_time\" content=\"2026-04-10T09:22:48+00:00\" \/>\n<meta property=\"og:image\" content=\"https:\/\/enjoyibizacharter.com\/wp-content\/uploads\/2026\/03\/traslado-de-embarcciones-enjoy-ibiza-charter-1024x683.png\" \/>\n\t<meta property=\"og:image:width\" content=\"1024\" \/>\n\t<meta property=\"og:image:height\" content=\"683\" \/>\n\t<meta property=\"og:image:type\" content=\"image\/png\" \/>\n<meta name=\"twitter:card\" content=\"summary_large_image\" \/>\n<meta name=\"twitter:label1\" content=\"Est. reading time\" \/>\n\t<meta name=\"twitter:data1\" content=\"2 minutes\" \/>\n<script type=\"application\/ld+json\" class=\"yoast-schema-graph\">{\"@context\":\"https:\\\/\\\/schema.org\",\"@graph\":[{\"@type\":\"WebPage\",\"@id\":\"https:\\\/\\\/enjoyibizacharter.com\\\/en\\\/boat-transfers\\\/\",\"url\":\"https:\\\/\\\/enjoyibizacharter.com\\\/en\\\/boat-transfers\\\/\",\"name\":\"Boat Transfers | Enjoy Ibiza Charter\",\"isPartOf\":{\"@id\":\"https:\\\/\\\/enjoyibizacharter.com\\\/en\\\/#website\"},\"primaryImageOfPage\":{\"@id\":\"https:\\\/\\\/enjoyibizacharter.com\\\/en\\\/boat-transfers\\\/#primaryimage\"},\"image\":{\"@id\":\"https:\\\/\\\/enjoyibizacharter.com\\\/en\\\/boat-transfers\\\/#primaryimage\"},\"thumbnailUrl\":\"https:\\\/\\\/enjoyibizacharter.com\\\/wp-content\\\/uploads\\\/2026\\\/03\\\/traslado-de-embarcciones-enjoy-ibiza-charter-1024x683.png\",\"datePublished\":\"2026-02-17T07:36:53+00:00\",\"dateModified\":\"2026-04-10T09:22:48+00:00\",\"description\":\"Professional boat transfer service between ports and destinations. Complete coordination, security and customized planning.\",\"breadcrumb\":{\"@id\":\"https:\\\/\\\/enjoyibizacharter.com\\\/en\\\/boat-transfers\\\/#breadcrumb\"},\"inLanguage\":\"en-US\",\"potentialAction\":[{\"@type\":\"ReadAction\",\"target\":[\"https:\\\/\\\/enjoyibizacharter.com\\\/en\\\/boat-transfers\\\/\"]}]},{\"@type\":\"ImageObject\",\"inLanguage\":\"en-US\",\"@id\":\"https:\\\/\\\/enjoyibizacharter.com\\\/en\\\/boat-transfers\\\/#primaryimage\",\"url\":\"https:\\\/\\\/enjoyibizacharter.com\\\/wp-content\\\/uploads\\\/2026\\\/03\\\/traslado-de-embarcciones-enjoy-ibiza-charter-1024x683.png\",\"contentUrl\":\"https:\\\/\\\/enjoyibizacharter.com\\\/wp-content\\\/uploads\\\/2026\\\/03\\\/traslado-de-embarcciones-enjoy-ibiza-charter-1024x683.png\"},{\"@type\":\"BreadcrumbList\",\"@id\":\"https:\\\/\\\/enjoyibizacharter.com\\\/en\\\/boat-transfers\\\/#breadcrumb\",\"itemListElement\":[{\"@type\":\"ListItem\",\"position\":1,\"name\":\"Inicio\",\"item\":\"https:\\\/\\\/enjoyibizacharter.com\\\/en\\\/home\\\/\"},{\"@type\":\"ListItem\",\"position\":2,\"name\":\"Boat Transfers\"}]},{\"@type\":\"WebSite\",\"@id\":\"https:\\\/\\\/enjoyibizacharter.com\\\/en\\\/#website\",\"url\":\"https:\\\/\\\/enjoyibizacharter.com\\\/en\\\/\",\"name\":\"Enjoy Ibiza Charter\",\"description\":\"Charter y Servicios N\u00e1uticos en Ibiza\",\"publisher\":{\"@id\":\"https:\\\/\\\/enjoyibizacharter.com\\\/en\\\/#organization\"},\"alternateName\":\"Enjoy Ibiza Charter\",\"potentialAction\":[{\"@type\":\"SearchAction\",\"target\":{\"@type\":\"EntryPoint\",\"urlTemplate\":\"https:\\\/\\\/enjoyibizacharter.com\\\/en\\\/?s={search_term_string}\"},\"query-input\":{\"@type\":\"PropertyValueSpecification\",\"valueRequired\":true,\"valueName\":\"search_term_string\"}}],\"inLanguage\":\"en-US\"},{\"@type\":\"Organization\",\"@id\":\"https:\\\/\\\/enjoyibizacharter.com\\\/en\\\/#organization\",\"name\":\"Enjoy Ibiza Charter\",\"alternateName\":\"Enjoy Ibiza Charter\",\"url\":\"https:\\\/\\\/enjoyibizacharter.com\\\/en\\\/\",\"logo\":{\"@type\":\"ImageObject\",\"inLanguage\":\"en-US\",\"@id\":\"https:\\\/\\\/enjoyibizacharter.com\\\/en\\\/#\\\/schema\\\/logo\\\/image\\\/\",\"url\":\"https:\\\/\\\/enjoyibizacharter.com\\\/wp-content\\\/uploads\\\/2026\\\/02\\\/icono-enjoy-ibiza-charter.webp\",\"contentUrl\":\"https:\\\/\\\/enjoyibizacharter.com\\\/wp-content\\\/uploads\\\/2026\\\/02\\\/icono-enjoy-ibiza-charter.webp\",\"width\":512,\"height\":512,\"caption\":\"Enjoy Ibiza Charter\"},\"image\":{\"@id\":\"https:\\\/\\\/enjoyibizacharter.com\\\/en\\\/#\\\/schema\\\/logo\\\/image\\\/\"},\"sameAs\":[\"https:\\\/\\\/www.facebook.com\\\/enjoyibizacharter\",\"https:\\\/\\\/www.instagram.com\\\/enjoyibizacharter\"],\"description\":\"Empresa especializada en charter n\u00e1utico con gesti\u00f3n directa de flota en Ibiza y Formentera. M\u00e1s de 15 a\u00f1os de experiencia y equipo local.\",\"email\":\"info@enjoyibizacharter.com\",\"telephone\":\"(+34) 640 559 890\",\"legalName\":\"Enjoy Ibiza Charter\",\"vatID\":\"X3630038V\"}]}<\/script>\n<!-- \/ Yoast SEO Premium plugin. -->","yoast_head_json":{"title":"Boat Transfers | Enjoy Ibiza Charter","description":"Professional boat transfer service between ports and destinations. Complete coordination, security and customized planning.","robots":{"index":"index","follow":"follow","max-snippet":"max-snippet:-1","max-image-preview":"max-image-preview:large","max-video-preview":"max-video-preview:-1"},"canonical":"https:\/\/enjoyibizacharter.com\/en\/boat-transfers\/","og_locale":"en_US","og_type":"article","og_title":"Boat Transfers","og_description":"Professional boat transfer service between ports and destinations. Complete coordination, security and customized planning.","og_url":"https:\/\/enjoyibizacharter.com\/en\/boat-transfers\/","og_site_name":"Enjoy Ibiza Charter","article_publisher":"https:\/\/www.facebook.com\/enjoyibizacharter","article_modified_time":"2026-04-10T09:22:48+00:00","og_image":[{"width":1024,"height":683,"url":"https:\/\/enjoyibizacharter.com\/wp-content\/uploads\/2026\/03\/traslado-de-embarcciones-enjoy-ibiza-charter-1024x683.png","type":"image\/png"}],"twitter_card":"summary_large_image","twitter_misc":{"Est. reading time":"2 minutes"},"schema":{"@context":"https:\/\/schema.org","@graph":[{"@type":"WebPage","@id":"https:\/\/enjoyibizacharter.com\/en\/boat-transfers\/","url":"https:\/\/enjoyibizacharter.com\/en\/boat-transfers\/","name":"Boat Transfers | Enjoy Ibiza Charter","isPartOf":{"@id":"https:\/\/enjoyibizacharter.com\/en\/#website"},"primaryImageOfPage":{"@id":"https:\/\/enjoyibizacharter.com\/en\/boat-transfers\/#primaryimage"},"image":{"@id":"https:\/\/enjoyibizacharter.com\/en\/boat-transfers\/#primaryimage"},"thumbnailUrl":"https:\/\/enjoyibizacharter.com\/wp-content\/uploads\/2026\/03\/traslado-de-embarcciones-enjoy-ibiza-charter-1024x683.png","datePublished":"2026-02-17T07:36:53+00:00","dateModified":"2026-04-10T09:22:48+00:00","description":"Professional boat transfer service between ports and destinations. Complete coordination, security and customized planning.","breadcrumb":{"@id":"https:\/\/enjoyibizacharter.com\/en\/boat-transfers\/#breadcrumb"},"inLanguage":"en-US","potentialAction":[{"@type":"ReadAction","target":["https:\/\/enjoyibizacharter.com\/en\/boat-transfers\/"]}]},{"@type":"ImageObject","inLanguage":"en-US","@id":"https:\/\/enjoyibizacharter.com\/en\/boat-transfers\/#primaryimage","url":"https:\/\/enjoyibizacharter.com\/wp-content\/uploads\/2026\/03\/traslado-de-embarcciones-enjoy-ibiza-charter-1024x683.png","contentUrl":"https:\/\/enjoyibizacharter.com\/wp-content\/uploads\/2026\/03\/traslado-de-embarcciones-enjoy-ibiza-charter-1024x683.png"},{"@type":"BreadcrumbList","@id":"https:\/\/enjoyibizacharter.com\/en\/boat-transfers\/#breadcrumb","itemListElement":[{"@type":"ListItem","position":1,"name":"Inicio","item":"https:\/\/enjoyibizacharter.com\/en\/home\/"},{"@type":"ListItem","position":2,"name":"Boat Transfers"}]},{"@type":"WebSite","@id":"https:\/\/enjoyibizacharter.com\/en\/#website","url":"https:\/\/enjoyibizacharter.com\/en\/","name":"Enjoy Ibiza Charter","description":"Charter y Servicios N\u00e1uticos en Ibiza","publisher":{"@id":"https:\/\/enjoyibizacharter.com\/en\/#organization"},"alternateName":"Enjoy Ibiza Charter","potentialAction":[{"@type":"SearchAction","target":{"@type":"EntryPoint","urlTemplate":"https:\/\/enjoyibizacharter.com\/en\/?s={search_term_string}"},"query-input":{"@type":"PropertyValueSpecification","valueRequired":true,"valueName":"search_term_string"}}],"inLanguage":"en-US"},{"@type":"Organization","@id":"https:\/\/enjoyibizacharter.com\/en\/#organization","name":"Enjoy Ibiza Charter","alternateName":"Enjoy Ibiza Charter","url":"https:\/\/enjoyibizacharter.com\/en\/","logo":{"@type":"ImageObject","inLanguage":"en-US","@id":"https:\/\/enjoyibizacharter.com\/en\/#\/schema\/logo\/image\/","url":"https:\/\/enjoyibizacharter.com\/wp-content\/uploads\/2026\/02\/icono-enjoy-ibiza-charter.webp","contentUrl":"https:\/\/enjoyibizacharter.com\/wp-content\/uploads\/2026\/02\/icono-enjoy-ibiza-charter.webp","width":512,"height":512,"caption":"Enjoy Ibiza Charter"},"image":{"@id":"https:\/\/enjoyibizacharter.com\/en\/#\/schema\/logo\/image\/"},"sameAs":["https:\/\/www.facebook.com\/enjoyibizacharter","https:\/\/www.instagram.com\/enjoyibizacharter"],"description":"Empresa especializada en charter n\u00e1utico con gesti\u00f3n directa de flota en Ibiza y Formentera. M\u00e1s de 15 a\u00f1os de experiencia y equipo local.","email":"info@enjoyibizacharter.com","telephone":"(+34) 640 559 890","legalName":"Enjoy Ibiza Charter","vatID":"X3630038V"}]}},"_links":{"self":[{"href":"https:\/\/enjoyibizacharter.com\/en\/wp-json\/wp\/v2\/pages\/12118","targetHints":{"allow":["GET"]}}],"collection":[{"href":"https:\/\/enjoyibizacharter.com\/en\/wp-json\/wp\/v2\/pages"}],"about":[{"href":"https:\/\/enjoyibizacharter.com\/en\/wp-json\/wp\/v2\/types\/page"}],"author":[{"embeddable":true,"href":"https:\/\/enjoyibizacharter.com\/en\/wp-json\/wp\/v2\/users\/1"}],"replies":[{"embeddable":true,"href":"https:\/\/enjoyibizacharter.com\/en\/wp-json\/wp\/v2\/comments?post=12118"}],"version-history":[{"count":4,"href":"https:\/\/enjoyibizacharter.com\/en\/wp-json\/wp\/v2\/pages\/12118\/revisions"}],"predecessor-version":[{"id":12175,"href":"https:\/\/enjoyibizacharter.com\/en\/wp-json\/wp\/v2\/pages\/12118\/revisions\/12175"}],"wp:attachment":[{"href":"https:\/\/enjoyibizacharter.com\/en\/wp-json\/wp\/v2\/media?parent=12118"}],"curies":[{"name":"wp","href":"https:\/\/api.w.org\/{rel}","templated":true}]}}