{"id":12115,"date":"2023-10-06T10:59:07","date_gmt":"2023-10-06T08:59:07","guid":{"rendered":"https:\/\/enjoyibizacharter.com\/routes\/formentera-levante\/"},"modified":"2026-04-10T11:49:30","modified_gmt":"2026-04-10T09:49:30","slug":"east-formentera","status":"publish","type":"page","link":"https:\/\/enjoyibizacharter.com\/en\/boat-routes\/east-formentera\/","title":{"rendered":"East Formentera"},"content":{"rendered":"\t\t<div data-elementor-type=\"wp-page\" data-elementor-id=\"12115\" class=\"elementor elementor-12115 elementor-3490\" data-elementor-post-type=\"page\">\n\t\t\t\t\t\t<section class=\"elementor-section elementor-top-section elementor-element elementor-element-e37c01e elementor-section-boxed elementor-section-height-default elementor-section-height-default\" data-id=\"e37c01e\" data-element_type=\"section\" data-e-type=\"section\">\n\t\t\t\t\t\t<div class=\"elementor-container elementor-column-gap-default\">\n\t\t\t\t\t<div class=\"elementor-column elementor-col-100 elementor-top-column elementor-element elementor-element-29c48fe\" data-id=\"29c48fe\" data-element_type=\"column\" data-e-type=\"column\">\n\t\t\t<div class=\"elementor-widget-wrap elementor-element-populated\">\n\t\t\t\t\t\t<div class=\"elementor-element elementor-element-2eff9ba elementor-widget elementor-widget-heading\" data-id=\"2eff9ba\" data-element_type=\"widget\" data-e-type=\"widget\" data-widget_type=\"heading.default\">\n\t\t\t\t<div class=\"elementor-widget-container\">\n\t\t\t\t\t<h1 class=\"elementor-heading-title elementor-size-default\">East Formentera Boat Route<\/h1>\t\t\t\t<\/div>\n\t\t\t\t<\/div>\n\t\t\t\t<div class=\"elementor-element elementor-element-f1bae2d elementor-widget elementor-widget-heading\" data-id=\"f1bae2d\" data-element_type=\"widget\" data-e-type=\"widget\" data-widget_type=\"heading.default\">\n\t\t\t\t<div class=\"elementor-widget-container\">\n\t\t\t\t\t<h2 class=\"elementor-heading-title elementor-size-default\">Espalmador - Es Pujols - Es Cal\u00f3<\/h2>\t\t\t\t<\/div>\n\t\t\t\t<\/div>\n\t\t\t\t<div class=\"elementor-element elementor-element-3b23515 elementor-widget elementor-widget-text-editor\" data-id=\"3b23515\" data-element_type=\"widget\" data-e-type=\"widget\" data-widget_type=\"text-editor.default\">\n\t\t\t\t<div class=\"elementor-widget-container\">\n\t\t\t\t\t\t\t\t\t<p>Just half an hour away from Ibiza, is the hidden jewel of the Mediterranean: the beautiful island of Formentera, with its crystal clear waters and pristine beaches that will dazzle you.<\/p>\t\t\t\t\t\t\t\t<\/div>\n\t\t\t\t<\/div>\n\t\t\t\t\t<\/div>\n\t\t<\/div>\n\t\t\t\t\t<\/div>\n\t\t<\/section>\n\t\t\t\t<section class=\"elementor-section elementor-top-section elementor-element elementor-element-360d876 elementor-section-boxed elementor-section-height-default elementor-section-height-default\" data-id=\"360d876\" data-element_type=\"section\" data-e-type=\"section\">\n\t\t\t\t\t\t<div class=\"elementor-container elementor-column-gap-default\">\n\t\t\t\t\t<div class=\"elementor-column elementor-col-50 elementor-top-column elementor-element elementor-element-e12b1dd\" data-id=\"e12b1dd\" data-element_type=\"column\" data-e-type=\"column\">\n\t\t\t<div class=\"elementor-widget-wrap elementor-element-populated\">\n\t\t\t\t\t\t<div class=\"elementor-element elementor-element-0dbd8c6 elementor-widget elementor-widget-image\" data-id=\"0dbd8c6\" data-element_type=\"widget\" data-e-type=\"widget\" data-widget_type=\"image.default\">\n\t\t\t\t<div class=\"elementor-widget-container\">\n\t\t\t\t\t\t\t\t\t\t\t\t\t\t\t<img fetchpriority=\"high\" decoding=\"async\" width=\"800\" height=\"450\" src=\"https:\/\/enjoyibizacharter.com\/wp-content\/uploads\/2026\/02\/ruta-formentera-levante-enjoy-ibiza-charter-1024x576.webp\" class=\"attachment-large size-large wp-image-11725\" alt=\"\" srcset=\"https:\/\/enjoyibizacharter.com\/wp-content\/uploads\/2026\/02\/ruta-formentera-levante-enjoy-ibiza-charter-1024x576.webp 1024w, https:\/\/enjoyibizacharter.com\/wp-content\/uploads\/2026\/02\/ruta-formentera-levante-enjoy-ibiza-charter-300x169.webp 300w, https:\/\/enjoyibizacharter.com\/wp-content\/uploads\/2026\/02\/ruta-formentera-levante-enjoy-ibiza-charter-768x432.webp 768w, https:\/\/enjoyibizacharter.com\/wp-content\/uploads\/2026\/02\/ruta-formentera-levante-enjoy-ibiza-charter-1536x864.webp 1536w, https:\/\/enjoyibizacharter.com\/wp-content\/uploads\/2026\/02\/ruta-formentera-levante-enjoy-ibiza-charter.webp 1920w\" sizes=\"(max-width: 800px) 100vw, 800px\" \/>\t\t\t\t\t\t\t\t\t\t\t\t\t\t\t<\/div>\n\t\t\t\t<\/div>\n\t\t\t\t\t<\/div>\n\t\t<\/div>\n\t\t\t\t<div class=\"elementor-column elementor-col-50 elementor-top-column elementor-element elementor-element-bd7142f\" data-id=\"bd7142f\" data-element_type=\"column\" data-e-type=\"column\">\n\t\t\t<div class=\"elementor-widget-wrap elementor-element-populated\">\n\t\t\t\t\t\t<div class=\"elementor-element elementor-element-e28e6ff elementor-widget elementor-widget-image\" data-id=\"e28e6ff\" data-element_type=\"widget\" data-e-type=\"widget\" data-widget_type=\"image.default\">\n\t\t\t\t<div class=\"elementor-widget-container\">\n\t\t\t\t\t\t\t\t\t\t\t\t\t\t\t<img decoding=\"async\" width=\"800\" height=\"450\" src=\"https:\/\/enjoyibizacharter.com\/wp-content\/uploads\/2026\/02\/ruta-formentera-levante-enjoy-ibiza-charter-2-1024x576.webp\" class=\"attachment-large size-large wp-image-11732\" alt=\"\" srcset=\"https:\/\/enjoyibizacharter.com\/wp-content\/uploads\/2026\/02\/ruta-formentera-levante-enjoy-ibiza-charter-2-1024x576.webp 1024w, https:\/\/enjoyibizacharter.com\/wp-content\/uploads\/2026\/02\/ruta-formentera-levante-enjoy-ibiza-charter-2-300x169.webp 300w, https:\/\/enjoyibizacharter.com\/wp-content\/uploads\/2026\/02\/ruta-formentera-levante-enjoy-ibiza-charter-2-768x432.webp 768w, https:\/\/enjoyibizacharter.com\/wp-content\/uploads\/2026\/02\/ruta-formentera-levante-enjoy-ibiza-charter-2-1536x864.webp 1536w, https:\/\/enjoyibizacharter.com\/wp-content\/uploads\/2026\/02\/ruta-formentera-levante-enjoy-ibiza-charter-2.webp 1920w\" sizes=\"(max-width: 800px) 100vw, 800px\" \/>\t\t\t\t\t\t\t\t\t\t\t\t\t\t\t<\/div>\n\t\t\t\t<\/div>\n\t\t\t\t<div class=\"elementor-element elementor-element-b780c24 elementor-widget elementor-widget-image\" data-id=\"b780c24\" data-element_type=\"widget\" data-e-type=\"widget\" data-widget_type=\"image.default\">\n\t\t\t\t<div class=\"elementor-widget-container\">\n\t\t\t\t\t\t\t\t\t\t\t\t\t\t\t<img decoding=\"async\" width=\"800\" height=\"450\" src=\"https:\/\/enjoyibizacharter.com\/wp-content\/uploads\/2026\/02\/ruta-formentera-levante-enjoy-ibiza-charter-3-1024x576.webp\" class=\"attachment-large size-large wp-image-11733\" alt=\"\" srcset=\"https:\/\/enjoyibizacharter.com\/wp-content\/uploads\/2026\/02\/ruta-formentera-levante-enjoy-ibiza-charter-3-1024x576.webp 1024w, https:\/\/enjoyibizacharter.com\/wp-content\/uploads\/2026\/02\/ruta-formentera-levante-enjoy-ibiza-charter-3-300x169.webp 300w, https:\/\/enjoyibizacharter.com\/wp-content\/uploads\/2026\/02\/ruta-formentera-levante-enjoy-ibiza-charter-3-768x432.webp 768w, https:\/\/enjoyibizacharter.com\/wp-content\/uploads\/2026\/02\/ruta-formentera-levante-enjoy-ibiza-charter-3-1536x864.webp 1536w, https:\/\/enjoyibizacharter.com\/wp-content\/uploads\/2026\/02\/ruta-formentera-levante-enjoy-ibiza-charter-3.webp 1920w\" sizes=\"(max-width: 800px) 100vw, 800px\" \/>\t\t\t\t\t\t\t\t\t\t\t\t\t\t\t<\/div>\n\t\t\t\t<\/div>\n\t\t\t\t\t<\/div>\n\t\t<\/div>\n\t\t\t\t\t<\/div>\n\t\t<\/section>\n\t\t\t\t<section class=\"elementor-section elementor-top-section elementor-element elementor-element-074133f elementor-section-boxed elementor-section-height-default elementor-section-height-default\" data-id=\"074133f\" data-element_type=\"section\" data-e-type=\"section\">\n\t\t\t\t\t\t<div class=\"elementor-container elementor-column-gap-default\">\n\t\t\t\t\t<div class=\"elementor-column elementor-col-100 elementor-top-column elementor-element elementor-element-145ea45\" data-id=\"145ea45\" data-element_type=\"column\" data-e-type=\"column\">\n\t\t\t<div class=\"elementor-widget-wrap elementor-element-populated\">\n\t\t\t\t\t\t<div class=\"elementor-element elementor-element-1742c67 elementor-widget elementor-widget-heading\" data-id=\"1742c67\" data-element_type=\"widget\" data-e-type=\"widget\" data-widget_type=\"heading.default\">\n\t\t\t\t<div class=\"elementor-widget-container\">\n\t\t\t\t\t<h2 class=\"elementor-heading-title elementor-size-default\">Cala del Faro Norte de Espalmador: Your First Dream Destination<\/h2>\t\t\t\t<\/div>\n\t\t\t\t<\/div>\n\t\t\t\t<div class=\"elementor-element elementor-element-1f40360 elementor-widget elementor-widget-text-editor\" data-id=\"1f40360\" data-element_type=\"widget\" data-e-type=\"widget\" data-widget_type=\"text-editor.default\">\n\t\t\t\t<div class=\"elementor-widget-container\">\n\t\t\t\t\t\t\t\t\t<p>Our first mandatory stop is the charming cove of Faro Norte de Espalmador, south of Illa des Porcs. This small cove with crystal clear waters is a true paradise, with its only entrance from the northwest. Get ready to enjoy your first swim in this magical place!<\/p>\t\t\t\t\t\t\t\t<\/div>\n\t\t\t\t<\/div>\n\t\t\t\t<div class=\"elementor-element elementor-element-fa8678c elementor-widget elementor-widget-heading\" data-id=\"fa8678c\" data-element_type=\"widget\" data-e-type=\"widget\" data-widget_type=\"heading.default\">\n\t\t\t\t<div class=\"elementor-widget-container\">\n\t\t\t\t\t<h2 class=\"elementor-heading-title elementor-size-default\">Levante Beach: Turquoise without Comparison<\/h2>\t\t\t\t<\/div>\n\t\t\t\t<\/div>\n\t\t\t\t<div class=\"elementor-element elementor-element-4b60c1d elementor-widget elementor-widget-text-editor\" data-id=\"4b60c1d\" data-element_type=\"widget\" data-e-type=\"widget\" data-widget_type=\"text-editor.default\">\n\t\t\t\t<div class=\"elementor-widget-container\">\n\t\t\t\t\t\t\t\t\t<p>We continue our journey to the southeast until we reach the stunning Levante beach, which offers turquoise waters like no other. It is the perfect complement to Illetas, with its incomparable natural beauty.<\/p>\t\t\t\t\t\t\t\t<\/div>\n\t\t\t\t<\/div>\n\t\t\t\t<div class=\"elementor-element elementor-element-e72421d elementor-widget elementor-widget-heading\" data-id=\"e72421d\" data-element_type=\"widget\" data-e-type=\"widget\" data-widget_type=\"heading.default\">\n\t\t\t\t<div class=\"elementor-widget-container\">\n\t\t\t\t\t<h2 class=\"elementor-heading-title elementor-size-default\">Es Pujols: Adrenaline and fun in the South of Formentera<\/h2>\t\t\t\t<\/div>\n\t\t\t\t<\/div>\n\t\t\t\t<div class=\"elementor-element elementor-element-ec176ce elementor-widget elementor-widget-text-editor\" data-id=\"ec176ce\" data-element_type=\"widget\" data-e-type=\"widget\" data-widget_type=\"text-editor.default\">\n\t\t\t\t<div class=\"elementor-widget-container\">\n\t\t\t\t\t\t\t\t\t<p>Our route takes us south, along the coast of Formentera until we reach Es Pujols, a town that is home to a sandbank near the southern cliffs. Here, you can anchor and dive back into the crystal clear waters. Adrenaline lovers will find their special place here, with caves to make jumps of different heights and easy access!<\/p>\t\t\t\t\t\t\t\t<\/div>\n\t\t\t\t<\/div>\n\t\t\t\t<div class=\"elementor-element elementor-element-55b8126 elementor-widget elementor-widget-heading\" data-id=\"55b8126\" data-element_type=\"widget\" data-e-type=\"widget\" data-widget_type=\"heading.default\">\n\t\t\t\t<div class=\"elementor-widget-container\">\n\t\t\t\t\t<h2 class=\"elementor-heading-title elementor-size-default\">Es Cal\u00f3: Picnic and Adventures in a Paradisiacal Setting<\/h2>\t\t\t\t<\/div>\n\t\t\t\t<\/div>\n\t\t\t\t<div class=\"elementor-element elementor-element-0fc0fe2 elementor-widget elementor-widget-text-editor\" data-id=\"0fc0fe2\" data-element_type=\"widget\" data-e-type=\"widget\" data-widget_type=\"text-editor.default\">\n\t\t\t\t<div class=\"elementor-widget-container\">\n\t\t\t\t\t\t\t\t\t<p>Our adventure continues until we reach es Cal\u00f3, an ideal place for picnics thanks to its crystal clear waters and spectacular scenery. If you prefer something more sophisticated, we recommend a nearby restaurant. It&#8217;s the perfect time to get out the paddle surf and explore the rocky cliffs and cave at the southern end!<\/p>\t\t\t\t\t\t\t\t<\/div>\n\t\t\t\t<\/div>\n\t\t\t\t<div class=\"elementor-element elementor-element-a72d02b elementor-widget elementor-widget-heading\" data-id=\"a72d02b\" data-element_type=\"widget\" data-e-type=\"widget\" data-widget_type=\"heading.default\">\n\t\t\t\t<div class=\"elementor-widget-container\">\n\t\t\t\t\t<h2 class=\"elementor-heading-title elementor-size-default\">Return to Ibiza: A Trip to Remember<\/h2>\t\t\t\t<\/div>\n\t\t\t\t<\/div>\n\t\t\t\t<div class=\"elementor-element elementor-element-bb53cd0 elementor-widget elementor-widget-text-editor\" data-id=\"bb53cd0\" data-element_type=\"widget\" data-e-type=\"widget\" data-widget_type=\"text-editor.default\">\n\t\t\t\t<div class=\"elementor-widget-container\">\n\t\t\t\t\t\t\t\t\t<p>After a phenomenal day exploring the wonders of Formentera, we will return to port passing near the small islet called s&#8217;Espardell, where it is forbidden to anchor or disembark. But don&#8217;t worry, you carry with you memories of an unforgettable adventure that will last forever!<\/p><p>Get ready to live a unique experience in the crystal clear waters of Formentera! Ready to set sail?<\/p>\t\t\t\t\t\t\t\t<\/div>\n\t\t\t\t<\/div>\n\t\t\t\t<div class=\"elementor-element elementor-element-87ddc63 elementor-mobile-align-center elementor-align-center elementor-widget elementor-widget-button\" data-id=\"87ddc63\" data-element_type=\"widget\" data-e-type=\"widget\" data-widget_type=\"button.default\">\n\t\t\t\t<div class=\"elementor-widget-container\">\n\t\t\t\t\t\t\t\t\t<div class=\"elementor-button-wrapper\">\n\t\t\t\t\t<a class=\"elementor-button elementor-button-link elementor-size-sm\" href=\"https:\/\/enjoyibizacharter.com\/en\/ibiza-boat-rental\/\">\n\t\t\t\t\t\t<span class=\"elementor-button-content-wrapper\">\n\t\t\t\t\t\t\t\t\t<span class=\"elementor-button-text\">Rent a boat<\/span>\n\t\t\t\t\t<\/span>\n\t\t\t\t\t<\/a>\n\t\t\t\t<\/div>\n\t\t\t\t\t\t\t\t<\/div>\n\t\t\t\t<\/div>\n\t\t\t\t\t<\/div>\n\t\t<\/div>\n\t\t\t\t\t<\/div>\n\t\t<\/section>\n\t\t\t\t<\/div>\n\t\t","protected":false},"excerpt":{"rendered":"<p>East Formentera Boat Route Espalmador &#8211; Es Pujols &#8211; Es Cal\u00f3 Just half an hour away from Ibiza, is the hidden jewel of the Mediterranean: the beautiful island of Formentera, with its crystal clear waters and pristine beaches that will dazzle you. Cala del Faro Norte de Espalmador: Your First Dream Destination Our first mandatory [&hellip;]<\/p>\n","protected":false},"author":1,"featured_media":0,"parent":12021,"menu_order":4,"comment_status":"closed","ping_status":"closed","template":"","meta":{"_acf_changed":false,"_joinchat":[],"footnotes":""},"class_list":["post-12115","page","type-page","status-publish","hentry"],"acf":[],"yoast_head":"<!-- This site is optimized with the Yoast SEO Premium plugin v26.6 (Yoast SEO v27.4) - https:\/\/yoast.com\/product\/yoast-seo-premium-wordpress\/ -->\n<title>Boat route around East Formentera - Es Cal\u00f3 and Espalmador<\/title>\n<meta name=\"description\" content=\"Boat tour of East Formentera with stops at Espalmador, Playa de Levante and Es Cal\u00f3. Crystal clear waters and open navigation.\" \/>\n<meta name=\"robots\" content=\"index, follow, max-snippet:-1, max-image-preview:large, max-video-preview:-1\" \/>\n<link rel=\"canonical\" href=\"https:\/\/enjoyibizacharter.com\/en\/boat-routes\/east-formentera\/\" \/>\n<meta property=\"og:locale\" content=\"en_US\" \/>\n<meta property=\"og:type\" content=\"article\" \/>\n<meta property=\"og:title\" content=\"East Formentera\" \/>\n<meta property=\"og:description\" content=\"Boat tour of East Formentera with stops at Espalmador, Playa de Levante and Es Cal\u00f3. Crystal clear waters and open navigation.\" \/>\n<meta property=\"og:url\" content=\"https:\/\/enjoyibizacharter.com\/en\/boat-routes\/east-formentera\/\" \/>\n<meta property=\"og:site_name\" content=\"Enjoy Ibiza Charter\" \/>\n<meta property=\"article:publisher\" content=\"https:\/\/www.facebook.com\/enjoyibizacharter\" \/>\n<meta property=\"article:modified_time\" content=\"2026-04-10T09:49:30+00:00\" \/>\n<meta property=\"og:image\" content=\"https:\/\/enjoyibizacharter.com\/wp-content\/uploads\/2026\/02\/ruta-formentera-levante-enjoy-ibiza-charter.webp\" \/>\n\t<meta property=\"og:image:width\" content=\"1920\" \/>\n\t<meta property=\"og:image:height\" content=\"1080\" \/>\n\t<meta property=\"og:image:type\" content=\"image\/webp\" \/>\n<meta name=\"twitter:card\" content=\"summary_large_image\" \/>\n<meta name=\"twitter:label1\" content=\"Est. reading time\" \/>\n\t<meta name=\"twitter:data1\" content=\"2 minutes\" \/>\n<script type=\"application\/ld+json\" class=\"yoast-schema-graph\">{\"@context\":\"https:\\\/\\\/schema.org\",\"@graph\":[{\"@type\":\"WebPage\",\"@id\":\"https:\\\/\\\/enjoyibizacharter.com\\\/en\\\/boat-routes\\\/east-formentera\\\/\",\"url\":\"https:\\\/\\\/enjoyibizacharter.com\\\/en\\\/boat-routes\\\/east-formentera\\\/\",\"name\":\"Boat route around East Formentera - Es Cal\u00f3 and Espalmador\",\"isPartOf\":{\"@id\":\"https:\\\/\\\/enjoyibizacharter.com\\\/en\\\/#website\"},\"primaryImageOfPage\":{\"@id\":\"https:\\\/\\\/enjoyibizacharter.com\\\/en\\\/boat-routes\\\/east-formentera\\\/#primaryimage\"},\"image\":{\"@id\":\"https:\\\/\\\/enjoyibizacharter.com\\\/en\\\/boat-routes\\\/east-formentera\\\/#primaryimage\"},\"thumbnailUrl\":\"https:\\\/\\\/enjoyibizacharter.com\\\/wp-content\\\/uploads\\\/2026\\\/02\\\/ruta-formentera-levante-enjoy-ibiza-charter-1024x576.webp\",\"datePublished\":\"2023-10-06T08:59:07+00:00\",\"dateModified\":\"2026-04-10T09:49:30+00:00\",\"description\":\"Boat tour of East Formentera with stops at Espalmador, Playa de Levante and Es Cal\u00f3. Crystal clear waters and open navigation.\",\"breadcrumb\":{\"@id\":\"https:\\\/\\\/enjoyibizacharter.com\\\/en\\\/boat-routes\\\/east-formentera\\\/#breadcrumb\"},\"inLanguage\":\"en-US\",\"potentialAction\":[{\"@type\":\"ReadAction\",\"target\":[\"https:\\\/\\\/enjoyibizacharter.com\\\/en\\\/boat-routes\\\/east-formentera\\\/\"]}]},{\"@type\":\"ImageObject\",\"inLanguage\":\"en-US\",\"@id\":\"https:\\\/\\\/enjoyibizacharter.com\\\/en\\\/boat-routes\\\/east-formentera\\\/#primaryimage\",\"url\":\"https:\\\/\\\/enjoyibizacharter.com\\\/wp-content\\\/uploads\\\/2026\\\/02\\\/ruta-formentera-levante-enjoy-ibiza-charter-1024x576.webp\",\"contentUrl\":\"https:\\\/\\\/enjoyibizacharter.com\\\/wp-content\\\/uploads\\\/2026\\\/02\\\/ruta-formentera-levante-enjoy-ibiza-charter-1024x576.webp\"},{\"@type\":\"BreadcrumbList\",\"@id\":\"https:\\\/\\\/enjoyibizacharter.com\\\/en\\\/boat-routes\\\/east-formentera\\\/#breadcrumb\",\"itemListElement\":[{\"@type\":\"ListItem\",\"position\":1,\"name\":\"Inicio\",\"item\":\"https:\\\/\\\/enjoyibizacharter.com\\\/en\\\/home\\\/\"},{\"@type\":\"ListItem\",\"position\":2,\"name\":\"Routes\",\"item\":\"https:\\\/\\\/enjoyibizacharter.com\\\/en\\\/boat-routes\\\/\"},{\"@type\":\"ListItem\",\"position\":3,\"name\":\"East Formentera\"}]},{\"@type\":\"WebSite\",\"@id\":\"https:\\\/\\\/enjoyibizacharter.com\\\/en\\\/#website\",\"url\":\"https:\\\/\\\/enjoyibizacharter.com\\\/en\\\/\",\"name\":\"Enjoy Ibiza Charter\",\"description\":\"Charter y Servicios N\u00e1uticos en Ibiza\",\"publisher\":{\"@id\":\"https:\\\/\\\/enjoyibizacharter.com\\\/en\\\/#organization\"},\"alternateName\":\"Enjoy Ibiza Charter\",\"potentialAction\":[{\"@type\":\"SearchAction\",\"target\":{\"@type\":\"EntryPoint\",\"urlTemplate\":\"https:\\\/\\\/enjoyibizacharter.com\\\/en\\\/?s={search_term_string}\"},\"query-input\":{\"@type\":\"PropertyValueSpecification\",\"valueRequired\":true,\"valueName\":\"search_term_string\"}}],\"inLanguage\":\"en-US\"},{\"@type\":\"Organization\",\"@id\":\"https:\\\/\\\/enjoyibizacharter.com\\\/en\\\/#organization\",\"name\":\"Enjoy Ibiza Charter\",\"alternateName\":\"Enjoy Ibiza Charter\",\"url\":\"https:\\\/\\\/enjoyibizacharter.com\\\/en\\\/\",\"logo\":{\"@type\":\"ImageObject\",\"inLanguage\":\"en-US\",\"@id\":\"https:\\\/\\\/enjoyibizacharter.com\\\/en\\\/#\\\/schema\\\/logo\\\/image\\\/\",\"url\":\"https:\\\/\\\/enjoyibizacharter.com\\\/wp-content\\\/uploads\\\/2026\\\/02\\\/icono-enjoy-ibiza-charter.webp\",\"contentUrl\":\"https:\\\/\\\/enjoyibizacharter.com\\\/wp-content\\\/uploads\\\/2026\\\/02\\\/icono-enjoy-ibiza-charter.webp\",\"width\":512,\"height\":512,\"caption\":\"Enjoy Ibiza Charter\"},\"image\":{\"@id\":\"https:\\\/\\\/enjoyibizacharter.com\\\/en\\\/#\\\/schema\\\/logo\\\/image\\\/\"},\"sameAs\":[\"https:\\\/\\\/www.facebook.com\\\/enjoyibizacharter\",\"https:\\\/\\\/www.instagram.com\\\/enjoyibizacharter\"],\"description\":\"Empresa especializada en charter n\u00e1utico con gesti\u00f3n directa de flota en Ibiza y Formentera. M\u00e1s de 15 a\u00f1os de experiencia y equipo local.\",\"email\":\"info@enjoyibizacharter.com\",\"telephone\":\"(+34) 640 559 890\",\"legalName\":\"Enjoy Ibiza Charter\",\"vatID\":\"X3630038V\"}]}<\/script>\n<!-- \/ Yoast SEO Premium plugin. -->","yoast_head_json":{"title":"Boat route around East Formentera - Es Cal\u00f3 and Espalmador","description":"Boat tour of East Formentera with stops at Espalmador, Playa de Levante and Es Cal\u00f3. Crystal clear waters and open navigation.","robots":{"index":"index","follow":"follow","max-snippet":"max-snippet:-1","max-image-preview":"max-image-preview:large","max-video-preview":"max-video-preview:-1"},"canonical":"https:\/\/enjoyibizacharter.com\/en\/boat-routes\/east-formentera\/","og_locale":"en_US","og_type":"article","og_title":"East Formentera","og_description":"Boat tour of East Formentera with stops at Espalmador, Playa de Levante and Es Cal\u00f3. Crystal clear waters and open navigation.","og_url":"https:\/\/enjoyibizacharter.com\/en\/boat-routes\/east-formentera\/","og_site_name":"Enjoy Ibiza Charter","article_publisher":"https:\/\/www.facebook.com\/enjoyibizacharter","article_modified_time":"2026-04-10T09:49:30+00:00","og_image":[{"width":1920,"height":1080,"url":"https:\/\/enjoyibizacharter.com\/wp-content\/uploads\/2026\/02\/ruta-formentera-levante-enjoy-ibiza-charter.webp","type":"image\/webp"}],"twitter_card":"summary_large_image","twitter_misc":{"Est. reading time":"2 minutes"},"schema":{"@context":"https:\/\/schema.org","@graph":[{"@type":"WebPage","@id":"https:\/\/enjoyibizacharter.com\/en\/boat-routes\/east-formentera\/","url":"https:\/\/enjoyibizacharter.com\/en\/boat-routes\/east-formentera\/","name":"Boat route around East Formentera - Es Cal\u00f3 and Espalmador","isPartOf":{"@id":"https:\/\/enjoyibizacharter.com\/en\/#website"},"primaryImageOfPage":{"@id":"https:\/\/enjoyibizacharter.com\/en\/boat-routes\/east-formentera\/#primaryimage"},"image":{"@id":"https:\/\/enjoyibizacharter.com\/en\/boat-routes\/east-formentera\/#primaryimage"},"thumbnailUrl":"https:\/\/enjoyibizacharter.com\/wp-content\/uploads\/2026\/02\/ruta-formentera-levante-enjoy-ibiza-charter-1024x576.webp","datePublished":"2023-10-06T08:59:07+00:00","dateModified":"2026-04-10T09:49:30+00:00","description":"Boat tour of East Formentera with stops at Espalmador, Playa de Levante and Es Cal\u00f3. Crystal clear waters and open navigation.","breadcrumb":{"@id":"https:\/\/enjoyibizacharter.com\/en\/boat-routes\/east-formentera\/#breadcrumb"},"inLanguage":"en-US","potentialAction":[{"@type":"ReadAction","target":["https:\/\/enjoyibizacharter.com\/en\/boat-routes\/east-formentera\/"]}]},{"@type":"ImageObject","inLanguage":"en-US","@id":"https:\/\/enjoyibizacharter.com\/en\/boat-routes\/east-formentera\/#primaryimage","url":"https:\/\/enjoyibizacharter.com\/wp-content\/uploads\/2026\/02\/ruta-formentera-levante-enjoy-ibiza-charter-1024x576.webp","contentUrl":"https:\/\/enjoyibizacharter.com\/wp-content\/uploads\/2026\/02\/ruta-formentera-levante-enjoy-ibiza-charter-1024x576.webp"},{"@type":"BreadcrumbList","@id":"https:\/\/enjoyibizacharter.com\/en\/boat-routes\/east-formentera\/#breadcrumb","itemListElement":[{"@type":"ListItem","position":1,"name":"Inicio","item":"https:\/\/enjoyibizacharter.com\/en\/home\/"},{"@type":"ListItem","position":2,"name":"Routes","item":"https:\/\/enjoyibizacharter.com\/en\/boat-routes\/"},{"@type":"ListItem","position":3,"name":"East Formentera"}]},{"@type":"WebSite","@id":"https:\/\/enjoyibizacharter.com\/en\/#website","url":"https:\/\/enjoyibizacharter.com\/en\/","name":"Enjoy Ibiza Charter","description":"Charter y Servicios N\u00e1uticos en Ibiza","publisher":{"@id":"https:\/\/enjoyibizacharter.com\/en\/#organization"},"alternateName":"Enjoy Ibiza Charter","potentialAction":[{"@type":"SearchAction","target":{"@type":"EntryPoint","urlTemplate":"https:\/\/enjoyibizacharter.com\/en\/?s={search_term_string}"},"query-input":{"@type":"PropertyValueSpecification","valueRequired":true,"valueName":"search_term_string"}}],"inLanguage":"en-US"},{"@type":"Organization","@id":"https:\/\/enjoyibizacharter.com\/en\/#organization","name":"Enjoy Ibiza Charter","alternateName":"Enjoy Ibiza Charter","url":"https:\/\/enjoyibizacharter.com\/en\/","logo":{"@type":"ImageObject","inLanguage":"en-US","@id":"https:\/\/enjoyibizacharter.com\/en\/#\/schema\/logo\/image\/","url":"https:\/\/enjoyibizacharter.com\/wp-content\/uploads\/2026\/02\/icono-enjoy-ibiza-charter.webp","contentUrl":"https:\/\/enjoyibizacharter.com\/wp-content\/uploads\/2026\/02\/icono-enjoy-ibiza-charter.webp","width":512,"height":512,"caption":"Enjoy Ibiza Charter"},"image":{"@id":"https:\/\/enjoyibizacharter.com\/en\/#\/schema\/logo\/image\/"},"sameAs":["https:\/\/www.facebook.com\/enjoyibizacharter","https:\/\/www.instagram.com\/enjoyibizacharter"],"description":"Empresa especializada en charter n\u00e1utico con gesti\u00f3n directa de flota en Ibiza y Formentera. M\u00e1s de 15 a\u00f1os de experiencia y equipo local.","email":"info@enjoyibizacharter.com","telephone":"(+34) 640 559 890","legalName":"Enjoy Ibiza Charter","vatID":"X3630038V"}]}},"_links":{"self":[{"href":"https:\/\/enjoyibizacharter.com\/en\/wp-json\/wp\/v2\/pages\/12115","targetHints":{"allow":["GET"]}}],"collection":[{"href":"https:\/\/enjoyibizacharter.com\/en\/wp-json\/wp\/v2\/pages"}],"about":[{"href":"https:\/\/enjoyibizacharter.com\/en\/wp-json\/wp\/v2\/types\/page"}],"author":[{"embeddable":true,"href":"https:\/\/enjoyibizacharter.com\/en\/wp-json\/wp\/v2\/users\/1"}],"replies":[{"embeddable":true,"href":"https:\/\/enjoyibizacharter.com\/en\/wp-json\/wp\/v2\/comments?post=12115"}],"version-history":[{"count":3,"href":"https:\/\/enjoyibizacharter.com\/en\/wp-json\/wp\/v2\/pages\/12115\/revisions"}],"predecessor-version":[{"id":12194,"href":"https:\/\/enjoyibizacharter.com\/en\/wp-json\/wp\/v2\/pages\/12115\/revisions\/12194"}],"up":[{"embeddable":true,"href":"https:\/\/enjoyibizacharter.com\/en\/wp-json\/wp\/v2\/pages\/12021"}],"wp:attachment":[{"href":"https:\/\/enjoyibizacharter.com\/en\/wp-json\/wp\/v2\/media?parent=12115"}],"curies":[{"name":"wp","href":"https:\/\/api.w.org\/{rel}","templated":true}]}}