{"id":12040,"date":"2025-12-06T18:12:12","date_gmt":"2025-12-06T17:12:12","guid":{"rendered":"https:\/\/enjoyibizacharter.com\/who-we-are\/"},"modified":"2026-04-10T10:45:41","modified_gmt":"2026-04-10T08:45:41","slug":"about-us","status":"publish","type":"page","link":"https:\/\/enjoyibizacharter.com\/en\/who-we-are\/","title":{"rendered":"About Us"},"content":{"rendered":"\t\t<div data-elementor-type=\"wp-page\" data-elementor-id=\"12040\" class=\"elementor elementor-12040 elementor-7745\" data-elementor-post-type=\"page\">\n\t\t\t\t\t\t<section class=\"elementor-section elementor-top-section elementor-element elementor-element-35a35c0 elementor-section-boxed elementor-section-height-default elementor-section-height-default\" data-id=\"35a35c0\" data-element_type=\"section\" data-e-type=\"section\">\n\t\t\t\t\t\t<div class=\"elementor-container elementor-column-gap-default\">\n\t\t\t\t\t<div class=\"elementor-column elementor-col-50 elementor-top-column elementor-element elementor-element-5c864a1\" data-id=\"5c864a1\" data-element_type=\"column\" data-e-type=\"column\">\n\t\t\t<div class=\"elementor-widget-wrap elementor-element-populated\">\n\t\t\t\t\t\t<div class=\"elementor-element elementor-element-e8b14fa elementor-widget elementor-widget-image\" data-id=\"e8b14fa\" data-element_type=\"widget\" data-e-type=\"widget\" data-widget_type=\"image.default\">\n\t\t\t\t<div class=\"elementor-widget-container\">\n\t\t\t\t\t\t\t\t\t\t\t\t\t\t\t<img fetchpriority=\"high\" decoding=\"async\" width=\"800\" height=\"534\" src=\"https:\/\/enjoyibizacharter.com\/wp-content\/uploads\/2026\/02\/equipo-enjoy-ibiza-charter-krasi-1024x683.webp\" class=\"attachment-large size-large wp-image-11719\" alt=\"\" srcset=\"https:\/\/enjoyibizacharter.com\/wp-content\/uploads\/2026\/02\/equipo-enjoy-ibiza-charter-krasi-1024x683.webp 1024w, https:\/\/enjoyibizacharter.com\/wp-content\/uploads\/2026\/02\/equipo-enjoy-ibiza-charter-krasi-300x200.webp 300w, https:\/\/enjoyibizacharter.com\/wp-content\/uploads\/2026\/02\/equipo-enjoy-ibiza-charter-krasi-768x512.webp 768w, https:\/\/enjoyibizacharter.com\/wp-content\/uploads\/2026\/02\/equipo-enjoy-ibiza-charter-krasi-1536x1024.webp 1536w, https:\/\/enjoyibizacharter.com\/wp-content\/uploads\/2026\/02\/equipo-enjoy-ibiza-charter-krasi.webp 1920w\" sizes=\"(max-width: 800px) 100vw, 800px\" \/>\t\t\t\t\t\t\t\t\t\t\t\t\t\t\t<\/div>\n\t\t\t\t<\/div>\n\t\t\t\t\t<\/div>\n\t\t<\/div>\n\t\t\t\t<div class=\"elementor-column elementor-col-50 elementor-top-column elementor-element elementor-element-e7139a5\" data-id=\"e7139a5\" data-element_type=\"column\" data-e-type=\"column\">\n\t\t\t<div class=\"elementor-widget-wrap elementor-element-populated\">\n\t\t\t\t\t\t<div class=\"elementor-element elementor-element-d760c05 elementor-widget elementor-widget-heading\" data-id=\"d760c05\" data-element_type=\"widget\" data-e-type=\"widget\" data-widget_type=\"heading.default\">\n\t\t\t\t<div class=\"elementor-widget-container\">\n\t\t\t\t\t<h1 class=\"elementor-heading-title elementor-size-default\">About Us <\/h1>\t\t\t\t<\/div>\n\t\t\t\t<\/div>\n\t\t\t\t<div class=\"elementor-element elementor-element-a3980b5 elementor-widget elementor-widget-text-editor\" data-id=\"a3980b5\" data-element_type=\"widget\" data-e-type=\"widget\" data-widget_type=\"text-editor.default\">\n\t\t\t\t<div class=\"elementor-widget-container\">\n\t\t\t\t\t\t\t\t\t<p>We are a <strong>young company<\/strong>, mainly dedicated to <strong>charter boats in Ibiza and Formentera<\/strong>, the beautiful Pitiusas islands, with their turquoise waters. We are proud to be able to show our clients both well-known and lesser-known landmarks.<\/p><p>At present, we have more than <strong>20 years<\/strong> of experience in the nautical field. During this time, we have cultivated and perfected our professional skills, combining work development with the passionate pursuit of our true vocation: the sea and everything related to it.<\/p>\t\t\t\t\t\t\t\t<\/div>\n\t\t\t\t<\/div>\n\t\t\t\t\t<\/div>\n\t\t<\/div>\n\t\t\t\t\t<\/div>\n\t\t<\/section>\n\t\t\t\t<section class=\"elementor-section elementor-top-section elementor-element elementor-element-fa9e53e elementor-reverse-mobile elementor-section-boxed elementor-section-height-default elementor-section-height-default\" data-id=\"fa9e53e\" data-element_type=\"section\" data-e-type=\"section\" data-settings=\"{&quot;background_background&quot;:&quot;classic&quot;}\">\n\t\t\t\t\t\t<div class=\"elementor-container elementor-column-gap-default\">\n\t\t\t\t\t<div class=\"elementor-column elementor-col-50 elementor-top-column elementor-element elementor-element-23ac2de\" data-id=\"23ac2de\" data-element_type=\"column\" data-e-type=\"column\">\n\t\t\t<div class=\"elementor-widget-wrap elementor-element-populated\">\n\t\t\t\t\t\t<div class=\"elementor-element elementor-element-993574d elementor-widget elementor-widget-heading\" data-id=\"993574d\" data-element_type=\"widget\" data-e-type=\"widget\" data-widget_type=\"heading.default\">\n\t\t\t\t<div class=\"elementor-widget-container\">\n\t\t\t\t\t<h2 class=\"elementor-heading-title elementor-size-default\">Our Objective<\/h2>\t\t\t\t<\/div>\n\t\t\t\t<\/div>\n\t\t\t\t<div class=\"elementor-element elementor-element-ff6c9eb elementor-widget elementor-widget-text-editor\" data-id=\"ff6c9eb\" data-element_type=\"widget\" data-e-type=\"widget\" data-widget_type=\"text-editor.default\">\n\t\t\t\t<div class=\"elementor-widget-container\">\n\t\t\t\t\t\t\t\t\t<p>Our goal is to <strong>satisfy all the tastes and needs of our customers<\/strong>, always being one step ahead of their needs.<\/p><p>We are actively committed to protecting the environment. We are committed to promoting respect for the sea, raising awareness of the delicacy of its flora and fauna, affected by the impact associated with global development.<\/p>\t\t\t\t\t\t\t\t<\/div>\n\t\t\t\t<\/div>\n\t\t\t\t<div class=\"elementor-element elementor-element-8634244 elementor-headline--style-highlight elementor-widget elementor-widget-animated-headline\" data-id=\"8634244\" data-element_type=\"widget\" data-e-type=\"widget\" data-settings=\"{&quot;marker&quot;:&quot;underline&quot;,&quot;highlighted_text&quot;:&quot;the best reward&quot;,&quot;headline_style&quot;:&quot;highlight&quot;,&quot;loop&quot;:&quot;yes&quot;,&quot;highlight_animation_duration&quot;:1200,&quot;highlight_iteration_delay&quot;:8000}\" data-widget_type=\"animated-headline.default\">\n\t\t\t\t<div class=\"elementor-widget-container\">\n\t\t\t\t\t\t\t<div class=\"elementor-headline\">\n\t\t\t\t\t<span class=\"elementor-headline-plain-text elementor-headline-text-wrapper\">A satisfied customer is<\/span>\n\t\t\t\t<span class=\"elementor-headline-dynamic-wrapper elementor-headline-text-wrapper\">\n\t\t\t\t\t<span class=\"elementor-headline-dynamic-text elementor-headline-text-active\">the best reward<\/span>\n\t\t\t\t<\/span>\n\t\t\t\t\t<span class=\"elementor-headline-plain-text elementor-headline-text-wrapper\">  for our work.<\/span>\n\t\t\t\t\t<\/div>\n\t\t\t\t\t\t<\/div>\n\t\t\t\t<\/div>\n\t\t\t\t\t<\/div>\n\t\t<\/div>\n\t\t\t\t<div class=\"elementor-column elementor-col-50 elementor-top-column elementor-element elementor-element-04460c3\" data-id=\"04460c3\" data-element_type=\"column\" data-e-type=\"column\">\n\t\t\t<div class=\"elementor-widget-wrap elementor-element-populated\">\n\t\t\t\t\t\t<div class=\"elementor-element elementor-element-f55bfb7 elementor-widget elementor-widget-image\" data-id=\"f55bfb7\" data-element_type=\"widget\" data-e-type=\"widget\" data-widget_type=\"image.default\">\n\t\t\t\t<div class=\"elementor-widget-container\">\n\t\t\t\t\t\t\t\t\t\t\t\t\t\t\t<img decoding=\"async\" width=\"800\" height=\"960\" src=\"https:\/\/enjoyibizacharter.com\/wp-content\/uploads\/2026\/02\/aguas-turquesa-ibiza-es-vedra-853x1024.webp\" class=\"attachment-large size-large wp-image-11720\" alt=\"\" srcset=\"https:\/\/enjoyibizacharter.com\/wp-content\/uploads\/2026\/02\/aguas-turquesa-ibiza-es-vedra-853x1024.webp 853w, https:\/\/enjoyibizacharter.com\/wp-content\/uploads\/2026\/02\/aguas-turquesa-ibiza-es-vedra-250x300.webp 250w, https:\/\/enjoyibizacharter.com\/wp-content\/uploads\/2026\/02\/aguas-turquesa-ibiza-es-vedra-768x922.webp 768w, https:\/\/enjoyibizacharter.com\/wp-content\/uploads\/2026\/02\/aguas-turquesa-ibiza-es-vedra.webp 1000w\" sizes=\"(max-width: 800px) 100vw, 800px\" \/>\t\t\t\t\t\t\t\t\t\t\t\t\t\t\t<\/div>\n\t\t\t\t<\/div>\n\t\t\t\t\t<\/div>\n\t\t<\/div>\n\t\t\t\t\t<\/div>\n\t\t<\/section>\n\t\t\t\t<\/div>\n\t\t","protected":false},"excerpt":{"rendered":"<p>About Us We are a young company, mainly dedicated to charter boats in Ibiza and Formentera, the beautiful Pitiusas islands, with their turquoise waters. We are proud to be able to show our clients both well-known and lesser-known landmarks. At present, we have more than 20 years of experience in the nautical field. During this [&hellip;]<\/p>\n","protected":false},"author":1,"featured_media":0,"parent":0,"menu_order":12,"comment_status":"closed","ping_status":"closed","template":"","meta":{"_acf_changed":false,"_joinchat":[],"footnotes":""},"class_list":["post-12040","page","type-page","status-publish","hentry"],"acf":[],"yoast_head":"<!-- This site is optimized with the Yoast SEO Premium plugin v26.6 (Yoast SEO v27.4) - https:\/\/yoast.com\/product\/yoast-seo-premium-wordpress\/ -->\n<title>About Us : Charter Company in Ibiza<\/title>\n<meta name=\"description\" content=\"We are a charter company in Ibiza with more than 20 years of nautical experience. Professionalism, commitment and respect for the sea.\" \/>\n<meta name=\"robots\" content=\"index, follow, max-snippet:-1, max-image-preview:large, max-video-preview:-1\" \/>\n<link rel=\"canonical\" href=\"https:\/\/enjoyibizacharter.com\/en\/who-we-are\/\" \/>\n<meta property=\"og:locale\" content=\"en_US\" \/>\n<meta property=\"og:type\" content=\"article\" \/>\n<meta property=\"og:title\" content=\"About Us\" \/>\n<meta property=\"og:description\" content=\"We are a charter company in Ibiza with more than 20 years of nautical experience. Professionalism, commitment and respect for the sea.\" \/>\n<meta property=\"og:url\" content=\"https:\/\/enjoyibizacharter.com\/en\/who-we-are\/\" \/>\n<meta property=\"og:site_name\" content=\"Enjoy Ibiza Charter\" \/>\n<meta property=\"article:publisher\" content=\"https:\/\/www.facebook.com\/enjoyibizacharter\" \/>\n<meta property=\"article:modified_time\" content=\"2026-04-10T08:45:41+00:00\" \/>\n<meta property=\"og:image\" content=\"https:\/\/enjoyibizacharter.com\/wp-content\/uploads\/2026\/02\/equipo-enjoy-ibiza-charter-krasi.webp\" \/>\n\t<meta property=\"og:image:width\" content=\"1920\" \/>\n\t<meta property=\"og:image:height\" content=\"1280\" \/>\n\t<meta property=\"og:image:type\" content=\"image\/webp\" \/>\n<meta name=\"twitter:card\" content=\"summary_large_image\" \/>\n<meta name=\"twitter:label1\" content=\"Est. reading time\" \/>\n\t<meta name=\"twitter:data1\" content=\"1 minute\" \/>\n<script type=\"application\/ld+json\" class=\"yoast-schema-graph\">{\"@context\":\"https:\\\/\\\/schema.org\",\"@graph\":[{\"@type\":\"WebPage\",\"@id\":\"https:\\\/\\\/enjoyibizacharter.com\\\/en\\\/who-we-are\\\/\",\"url\":\"https:\\\/\\\/enjoyibizacharter.com\\\/en\\\/who-we-are\\\/\",\"name\":\"About Us : Charter Company in Ibiza\",\"isPartOf\":{\"@id\":\"https:\\\/\\\/enjoyibizacharter.com\\\/en\\\/#website\"},\"primaryImageOfPage\":{\"@id\":\"https:\\\/\\\/enjoyibizacharter.com\\\/en\\\/who-we-are\\\/#primaryimage\"},\"image\":{\"@id\":\"https:\\\/\\\/enjoyibizacharter.com\\\/en\\\/who-we-are\\\/#primaryimage\"},\"thumbnailUrl\":\"https:\\\/\\\/enjoyibizacharter.com\\\/wp-content\\\/uploads\\\/2026\\\/02\\\/equipo-enjoy-ibiza-charter-krasi-1024x683.webp\",\"datePublished\":\"2025-12-06T17:12:12+00:00\",\"dateModified\":\"2026-04-10T08:45:41+00:00\",\"description\":\"We are a charter company in Ibiza with more than 20 years of nautical experience. Professionalism, commitment and respect for the sea.\",\"breadcrumb\":{\"@id\":\"https:\\\/\\\/enjoyibizacharter.com\\\/en\\\/who-we-are\\\/#breadcrumb\"},\"inLanguage\":\"en-US\",\"potentialAction\":[{\"@type\":\"ReadAction\",\"target\":[\"https:\\\/\\\/enjoyibizacharter.com\\\/en\\\/who-we-are\\\/\"]}]},{\"@type\":\"ImageObject\",\"inLanguage\":\"en-US\",\"@id\":\"https:\\\/\\\/enjoyibizacharter.com\\\/en\\\/who-we-are\\\/#primaryimage\",\"url\":\"https:\\\/\\\/enjoyibizacharter.com\\\/wp-content\\\/uploads\\\/2026\\\/02\\\/equipo-enjoy-ibiza-charter-krasi-1024x683.webp\",\"contentUrl\":\"https:\\\/\\\/enjoyibizacharter.com\\\/wp-content\\\/uploads\\\/2026\\\/02\\\/equipo-enjoy-ibiza-charter-krasi-1024x683.webp\"},{\"@type\":\"BreadcrumbList\",\"@id\":\"https:\\\/\\\/enjoyibizacharter.com\\\/en\\\/who-we-are\\\/#breadcrumb\",\"itemListElement\":[{\"@type\":\"ListItem\",\"position\":1,\"name\":\"Inicio\",\"item\":\"https:\\\/\\\/enjoyibizacharter.com\\\/en\\\/home\\\/\"},{\"@type\":\"ListItem\",\"position\":2,\"name\":\"About Us\"}]},{\"@type\":\"WebSite\",\"@id\":\"https:\\\/\\\/enjoyibizacharter.com\\\/en\\\/#website\",\"url\":\"https:\\\/\\\/enjoyibizacharter.com\\\/en\\\/\",\"name\":\"Enjoy Ibiza Charter\",\"description\":\"Charter y Servicios N\u00e1uticos en Ibiza\",\"publisher\":{\"@id\":\"https:\\\/\\\/enjoyibizacharter.com\\\/en\\\/#organization\"},\"alternateName\":\"Enjoy Ibiza Charter\",\"potentialAction\":[{\"@type\":\"SearchAction\",\"target\":{\"@type\":\"EntryPoint\",\"urlTemplate\":\"https:\\\/\\\/enjoyibizacharter.com\\\/en\\\/?s={search_term_string}\"},\"query-input\":{\"@type\":\"PropertyValueSpecification\",\"valueRequired\":true,\"valueName\":\"search_term_string\"}}],\"inLanguage\":\"en-US\"},{\"@type\":\"Organization\",\"@id\":\"https:\\\/\\\/enjoyibizacharter.com\\\/en\\\/#organization\",\"name\":\"Enjoy Ibiza Charter\",\"alternateName\":\"Enjoy Ibiza Charter\",\"url\":\"https:\\\/\\\/enjoyibizacharter.com\\\/en\\\/\",\"logo\":{\"@type\":\"ImageObject\",\"inLanguage\":\"en-US\",\"@id\":\"https:\\\/\\\/enjoyibizacharter.com\\\/en\\\/#\\\/schema\\\/logo\\\/image\\\/\",\"url\":\"https:\\\/\\\/enjoyibizacharter.com\\\/wp-content\\\/uploads\\\/2026\\\/02\\\/icono-enjoy-ibiza-charter.webp\",\"contentUrl\":\"https:\\\/\\\/enjoyibizacharter.com\\\/wp-content\\\/uploads\\\/2026\\\/02\\\/icono-enjoy-ibiza-charter.webp\",\"width\":512,\"height\":512,\"caption\":\"Enjoy Ibiza Charter\"},\"image\":{\"@id\":\"https:\\\/\\\/enjoyibizacharter.com\\\/en\\\/#\\\/schema\\\/logo\\\/image\\\/\"},\"sameAs\":[\"https:\\\/\\\/www.facebook.com\\\/enjoyibizacharter\",\"https:\\\/\\\/www.instagram.com\\\/enjoyibizacharter\"],\"description\":\"Empresa especializada en charter n\u00e1utico con gesti\u00f3n directa de flota en Ibiza y Formentera. M\u00e1s de 15 a\u00f1os de experiencia y equipo local.\",\"email\":\"info@enjoyibizacharter.com\",\"telephone\":\"(+34) 640 559 890\",\"legalName\":\"Enjoy Ibiza Charter\",\"vatID\":\"X3630038V\"}]}<\/script>\n<!-- \/ Yoast SEO Premium plugin. -->","yoast_head_json":{"title":"About Us : Charter Company in Ibiza","description":"We are a charter company in Ibiza with more than 20 years of nautical experience. Professionalism, commitment and respect for the sea.","robots":{"index":"index","follow":"follow","max-snippet":"max-snippet:-1","max-image-preview":"max-image-preview:large","max-video-preview":"max-video-preview:-1"},"canonical":"https:\/\/enjoyibizacharter.com\/en\/who-we-are\/","og_locale":"en_US","og_type":"article","og_title":"About Us","og_description":"We are a charter company in Ibiza with more than 20 years of nautical experience. Professionalism, commitment and respect for the sea.","og_url":"https:\/\/enjoyibizacharter.com\/en\/who-we-are\/","og_site_name":"Enjoy Ibiza Charter","article_publisher":"https:\/\/www.facebook.com\/enjoyibizacharter","article_modified_time":"2026-04-10T08:45:41+00:00","og_image":[{"width":1920,"height":1280,"url":"https:\/\/enjoyibizacharter.com\/wp-content\/uploads\/2026\/02\/equipo-enjoy-ibiza-charter-krasi.webp","type":"image\/webp"}],"twitter_card":"summary_large_image","twitter_misc":{"Est. reading time":"1 minute"},"schema":{"@context":"https:\/\/schema.org","@graph":[{"@type":"WebPage","@id":"https:\/\/enjoyibizacharter.com\/en\/who-we-are\/","url":"https:\/\/enjoyibizacharter.com\/en\/who-we-are\/","name":"About Us : Charter Company in Ibiza","isPartOf":{"@id":"https:\/\/enjoyibizacharter.com\/en\/#website"},"primaryImageOfPage":{"@id":"https:\/\/enjoyibizacharter.com\/en\/who-we-are\/#primaryimage"},"image":{"@id":"https:\/\/enjoyibizacharter.com\/en\/who-we-are\/#primaryimage"},"thumbnailUrl":"https:\/\/enjoyibizacharter.com\/wp-content\/uploads\/2026\/02\/equipo-enjoy-ibiza-charter-krasi-1024x683.webp","datePublished":"2025-12-06T17:12:12+00:00","dateModified":"2026-04-10T08:45:41+00:00","description":"We are a charter company in Ibiza with more than 20 years of nautical experience. Professionalism, commitment and respect for the sea.","breadcrumb":{"@id":"https:\/\/enjoyibizacharter.com\/en\/who-we-are\/#breadcrumb"},"inLanguage":"en-US","potentialAction":[{"@type":"ReadAction","target":["https:\/\/enjoyibizacharter.com\/en\/who-we-are\/"]}]},{"@type":"ImageObject","inLanguage":"en-US","@id":"https:\/\/enjoyibizacharter.com\/en\/who-we-are\/#primaryimage","url":"https:\/\/enjoyibizacharter.com\/wp-content\/uploads\/2026\/02\/equipo-enjoy-ibiza-charter-krasi-1024x683.webp","contentUrl":"https:\/\/enjoyibizacharter.com\/wp-content\/uploads\/2026\/02\/equipo-enjoy-ibiza-charter-krasi-1024x683.webp"},{"@type":"BreadcrumbList","@id":"https:\/\/enjoyibizacharter.com\/en\/who-we-are\/#breadcrumb","itemListElement":[{"@type":"ListItem","position":1,"name":"Inicio","item":"https:\/\/enjoyibizacharter.com\/en\/home\/"},{"@type":"ListItem","position":2,"name":"About Us"}]},{"@type":"WebSite","@id":"https:\/\/enjoyibizacharter.com\/en\/#website","url":"https:\/\/enjoyibizacharter.com\/en\/","name":"Enjoy Ibiza Charter","description":"Charter y Servicios N\u00e1uticos en Ibiza","publisher":{"@id":"https:\/\/enjoyibizacharter.com\/en\/#organization"},"alternateName":"Enjoy Ibiza Charter","potentialAction":[{"@type":"SearchAction","target":{"@type":"EntryPoint","urlTemplate":"https:\/\/enjoyibizacharter.com\/en\/?s={search_term_string}"},"query-input":{"@type":"PropertyValueSpecification","valueRequired":true,"valueName":"search_term_string"}}],"inLanguage":"en-US"},{"@type":"Organization","@id":"https:\/\/enjoyibizacharter.com\/en\/#organization","name":"Enjoy Ibiza Charter","alternateName":"Enjoy Ibiza Charter","url":"https:\/\/enjoyibizacharter.com\/en\/","logo":{"@type":"ImageObject","inLanguage":"en-US","@id":"https:\/\/enjoyibizacharter.com\/en\/#\/schema\/logo\/image\/","url":"https:\/\/enjoyibizacharter.com\/wp-content\/uploads\/2026\/02\/icono-enjoy-ibiza-charter.webp","contentUrl":"https:\/\/enjoyibizacharter.com\/wp-content\/uploads\/2026\/02\/icono-enjoy-ibiza-charter.webp","width":512,"height":512,"caption":"Enjoy Ibiza Charter"},"image":{"@id":"https:\/\/enjoyibizacharter.com\/en\/#\/schema\/logo\/image\/"},"sameAs":["https:\/\/www.facebook.com\/enjoyibizacharter","https:\/\/www.instagram.com\/enjoyibizacharter"],"description":"Empresa especializada en charter n\u00e1utico con gesti\u00f3n directa de flota en Ibiza y Formentera. M\u00e1s de 15 a\u00f1os de experiencia y equipo local.","email":"info@enjoyibizacharter.com","telephone":"(+34) 640 559 890","legalName":"Enjoy Ibiza Charter","vatID":"X3630038V"}]}},"_links":{"self":[{"href":"https:\/\/enjoyibizacharter.com\/en\/wp-json\/wp\/v2\/pages\/12040","targetHints":{"allow":["GET"]}}],"collection":[{"href":"https:\/\/enjoyibizacharter.com\/en\/wp-json\/wp\/v2\/pages"}],"about":[{"href":"https:\/\/enjoyibizacharter.com\/en\/wp-json\/wp\/v2\/types\/page"}],"author":[{"embeddable":true,"href":"https:\/\/enjoyibizacharter.com\/en\/wp-json\/wp\/v2\/users\/1"}],"replies":[{"embeddable":true,"href":"https:\/\/enjoyibizacharter.com\/en\/wp-json\/wp\/v2\/comments?post=12040"}],"version-history":[{"count":5,"href":"https:\/\/enjoyibizacharter.com\/en\/wp-json\/wp\/v2\/pages\/12040\/revisions"}],"predecessor-version":[{"id":12160,"href":"https:\/\/enjoyibizacharter.com\/en\/wp-json\/wp\/v2\/pages\/12040\/revisions\/12160"}],"wp:attachment":[{"href":"https:\/\/enjoyibizacharter.com\/en\/wp-json\/wp\/v2\/media?parent=12040"}],"curies":[{"name":"wp","href":"https:\/\/api.w.org\/{rel}","templated":true}]}}