{"id":12038,"date":"2023-10-06T10:58:07","date_gmt":"2023-10-06T08:58:07","guid":{"rendered":"https:\/\/enjoyibizacharter.com\/routes\/ibiza-south\/"},"modified":"2026-04-10T11:45:31","modified_gmt":"2026-04-10T09:45:31","slug":"south-ibiza","status":"publish","type":"page","link":"https:\/\/enjoyibizacharter.com\/en\/boat-routes\/south-ibiza\/","title":{"rendered":"Ibiza South"},"content":{"rendered":"\t\t<div data-elementor-type=\"wp-page\" data-elementor-id=\"12038\" class=\"elementor elementor-12038 elementor-3488\" data-elementor-post-type=\"page\">\n\t\t\t\t\t\t<section class=\"elementor-section elementor-top-section elementor-element elementor-element-b4623c0 elementor-section-boxed elementor-section-height-default elementor-section-height-default\" data-id=\"b4623c0\" data-element_type=\"section\" data-e-type=\"section\">\n\t\t\t\t\t\t<div class=\"elementor-container elementor-column-gap-default\">\n\t\t\t\t\t<div class=\"elementor-column elementor-col-100 elementor-top-column elementor-element elementor-element-8c96610\" data-id=\"8c96610\" data-element_type=\"column\" data-e-type=\"column\">\n\t\t\t<div class=\"elementor-widget-wrap elementor-element-populated\">\n\t\t\t\t\t\t<div class=\"elementor-element elementor-element-bf93418 elementor-widget elementor-widget-heading\" data-id=\"bf93418\" data-element_type=\"widget\" data-e-type=\"widget\" data-widget_type=\"heading.default\">\n\t\t\t\t<div class=\"elementor-widget-container\">\n\t\t\t\t\t<h1 class=\"elementor-heading-title elementor-size-default\">Ibiza South Boat Route<\/h1>\t\t\t\t<\/div>\n\t\t\t\t<\/div>\n\t\t\t\t<div class=\"elementor-element elementor-element-a951826 elementor-widget elementor-widget-heading\" data-id=\"a951826\" data-element_type=\"widget\" data-e-type=\"widget\" data-widget_type=\"heading.default\">\n\t\t\t\t<div class=\"elementor-widget-container\">\n\t\t\t\t\t<h2 class=\"elementor-heading-title elementor-size-default\">Cala Pluma - Cala Jondal - Atlantis - Es Vedr\u00e0<\/h2>\t\t\t\t<\/div>\n\t\t\t\t<\/div>\n\t\t\t\t<div class=\"elementor-element elementor-element-37a0d4a elementor-widget elementor-widget-text-editor\" data-id=\"37a0d4a\" data-element_type=\"widget\" data-e-type=\"widget\" data-widget_type=\"text-editor.default\">\n\t\t\t\t<div class=\"elementor-widget-container\">\n\t\t\t\t\t\t\t\t\t<p>Ready to explore the best kept secrets of southern Ibiza? Get ready for an unforgettable experience full of natural beauty, crystal clear waters and magical moments!<\/p>\t\t\t\t\t\t\t\t<\/div>\n\t\t\t\t<\/div>\n\t\t\t\t\t<\/div>\n\t\t<\/div>\n\t\t\t\t\t<\/div>\n\t\t<\/section>\n\t\t\t\t<section class=\"elementor-section elementor-top-section elementor-element elementor-element-2e44b7b elementor-section-boxed elementor-section-height-default elementor-section-height-default\" data-id=\"2e44b7b\" data-element_type=\"section\" data-e-type=\"section\">\n\t\t\t\t\t\t<div class=\"elementor-container elementor-column-gap-default\">\n\t\t\t\t\t<div class=\"elementor-column elementor-col-50 elementor-top-column elementor-element elementor-element-01a1c0c\" data-id=\"01a1c0c\" data-element_type=\"column\" data-e-type=\"column\">\n\t\t\t<div class=\"elementor-widget-wrap elementor-element-populated\">\n\t\t\t\t\t\t<div class=\"elementor-element elementor-element-d9ef83a elementor-widget elementor-widget-image\" data-id=\"d9ef83a\" data-element_type=\"widget\" data-e-type=\"widget\" data-widget_type=\"image.default\">\n\t\t\t\t<div class=\"elementor-widget-container\">\n\t\t\t\t\t\t\t\t\t\t\t\t\t\t\t<img fetchpriority=\"high\" decoding=\"async\" width=\"800\" height=\"450\" src=\"https:\/\/enjoyibizacharter.com\/wp-content\/uploads\/2026\/02\/ruta-ibiza-sur-enjoy-ibiza-charter-1024x576.webp\" class=\"attachment-large size-large wp-image-11723\" alt=\"\" srcset=\"https:\/\/enjoyibizacharter.com\/wp-content\/uploads\/2026\/02\/ruta-ibiza-sur-enjoy-ibiza-charter-1024x576.webp 1024w, https:\/\/enjoyibizacharter.com\/wp-content\/uploads\/2026\/02\/ruta-ibiza-sur-enjoy-ibiza-charter-300x169.webp 300w, https:\/\/enjoyibizacharter.com\/wp-content\/uploads\/2026\/02\/ruta-ibiza-sur-enjoy-ibiza-charter-768x432.webp 768w, https:\/\/enjoyibizacharter.com\/wp-content\/uploads\/2026\/02\/ruta-ibiza-sur-enjoy-ibiza-charter-1536x864.webp 1536w, https:\/\/enjoyibizacharter.com\/wp-content\/uploads\/2026\/02\/ruta-ibiza-sur-enjoy-ibiza-charter.webp 1920w\" sizes=\"(max-width: 800px) 100vw, 800px\" \/>\t\t\t\t\t\t\t\t\t\t\t\t\t\t\t<\/div>\n\t\t\t\t<\/div>\n\t\t\t\t\t<\/div>\n\t\t<\/div>\n\t\t\t\t<div class=\"elementor-column elementor-col-50 elementor-top-column elementor-element elementor-element-b43c8e9\" data-id=\"b43c8e9\" data-element_type=\"column\" data-e-type=\"column\">\n\t\t\t<div class=\"elementor-widget-wrap elementor-element-populated\">\n\t\t\t\t\t\t<div class=\"elementor-element elementor-element-858c4ed elementor-widget elementor-widget-image\" data-id=\"858c4ed\" data-element_type=\"widget\" data-e-type=\"widget\" data-widget_type=\"image.default\">\n\t\t\t\t<div class=\"elementor-widget-container\">\n\t\t\t\t\t\t\t\t\t\t\t\t\t\t\t<img decoding=\"async\" width=\"800\" height=\"450\" src=\"https:\/\/enjoyibizacharter.com\/wp-content\/uploads\/2026\/02\/ruta-ibiza-sur-enjoy-ibiza-charter-2-1024x576.webp\" class=\"attachment-large size-large wp-image-11728\" alt=\"\" srcset=\"https:\/\/enjoyibizacharter.com\/wp-content\/uploads\/2026\/02\/ruta-ibiza-sur-enjoy-ibiza-charter-2-1024x576.webp 1024w, https:\/\/enjoyibizacharter.com\/wp-content\/uploads\/2026\/02\/ruta-ibiza-sur-enjoy-ibiza-charter-2-300x169.webp 300w, https:\/\/enjoyibizacharter.com\/wp-content\/uploads\/2026\/02\/ruta-ibiza-sur-enjoy-ibiza-charter-2-768x432.webp 768w, https:\/\/enjoyibizacharter.com\/wp-content\/uploads\/2026\/02\/ruta-ibiza-sur-enjoy-ibiza-charter-2-1536x864.webp 1536w, https:\/\/enjoyibizacharter.com\/wp-content\/uploads\/2026\/02\/ruta-ibiza-sur-enjoy-ibiza-charter-2.webp 1920w\" sizes=\"(max-width: 800px) 100vw, 800px\" \/>\t\t\t\t\t\t\t\t\t\t\t\t\t\t\t<\/div>\n\t\t\t\t<\/div>\n\t\t\t\t<div class=\"elementor-element elementor-element-9e93dab elementor-widget elementor-widget-image\" data-id=\"9e93dab\" data-element_type=\"widget\" data-e-type=\"widget\" data-widget_type=\"image.default\">\n\t\t\t\t<div class=\"elementor-widget-container\">\n\t\t\t\t\t\t\t\t\t\t\t\t\t\t\t<img decoding=\"async\" width=\"800\" height=\"450\" src=\"https:\/\/enjoyibizacharter.com\/wp-content\/uploads\/2026\/02\/ruta-ibiza-sur-enjoy-ibiza-charter-3-1024x576.webp\" class=\"attachment-large size-large wp-image-11729\" alt=\"\" srcset=\"https:\/\/enjoyibizacharter.com\/wp-content\/uploads\/2026\/02\/ruta-ibiza-sur-enjoy-ibiza-charter-3-1024x576.webp 1024w, https:\/\/enjoyibizacharter.com\/wp-content\/uploads\/2026\/02\/ruta-ibiza-sur-enjoy-ibiza-charter-3-300x169.webp 300w, https:\/\/enjoyibizacharter.com\/wp-content\/uploads\/2026\/02\/ruta-ibiza-sur-enjoy-ibiza-charter-3-768x432.webp 768w, https:\/\/enjoyibizacharter.com\/wp-content\/uploads\/2026\/02\/ruta-ibiza-sur-enjoy-ibiza-charter-3-1536x864.webp 1536w, https:\/\/enjoyibizacharter.com\/wp-content\/uploads\/2026\/02\/ruta-ibiza-sur-enjoy-ibiza-charter-3.webp 1920w\" sizes=\"(max-width: 800px) 100vw, 800px\" \/>\t\t\t\t\t\t\t\t\t\t\t\t\t\t\t<\/div>\n\t\t\t\t<\/div>\n\t\t\t\t\t<\/div>\n\t\t<\/div>\n\t\t\t\t\t<\/div>\n\t\t<\/section>\n\t\t\t\t<section class=\"elementor-section elementor-top-section elementor-element elementor-element-f521f6a elementor-section-boxed elementor-section-height-default elementor-section-height-default\" data-id=\"f521f6a\" data-element_type=\"section\" data-e-type=\"section\">\n\t\t\t\t\t\t<div class=\"elementor-container elementor-column-gap-default\">\n\t\t\t\t\t<div class=\"elementor-column elementor-col-100 elementor-top-column elementor-element elementor-element-a964204\" data-id=\"a964204\" data-element_type=\"column\" data-e-type=\"column\">\n\t\t\t<div class=\"elementor-widget-wrap elementor-element-populated\">\n\t\t\t\t\t\t<div class=\"elementor-element elementor-element-103ab23 elementor-widget elementor-widget-heading\" data-id=\"103ab23\" data-element_type=\"widget\" data-e-type=\"widget\" data-widget_type=\"heading.default\">\n\t\t\t\t<div class=\"elementor-widget-container\">\n\t\t\t\t\t<h2 class=\"elementor-heading-title elementor-size-default\">Pluma Cove: Your Secret Haven in Paradise<\/h2>\t\t\t\t<\/div>\n\t\t\t\t<\/div>\n\t\t\t\t<div class=\"elementor-element elementor-element-a00b79c elementor-widget elementor-widget-text-editor\" data-id=\"a00b79c\" data-element_type=\"widget\" data-e-type=\"widget\" data-widget_type=\"text-editor.default\">\n\t\t\t\t<div class=\"elementor-widget-container\">\n\t\t\t\t\t\t\t\t\t<p>Our trip begins in the paradisiacal Pluma cove, near the majestic defense tower of ses Portes. Immerse yourself in its turquoise waters and enjoy the first swim of the day in this oasis of tranquility.<\/p>\t\t\t\t\t\t\t\t<\/div>\n\t\t\t\t<\/div>\n\t\t\t\t<div class=\"elementor-element elementor-element-0160ef2 elementor-widget elementor-widget-heading\" data-id=\"0160ef2\" data-element_type=\"widget\" data-e-type=\"widget\" data-widget_type=\"heading.default\">\n\t\t\t\t<div class=\"elementor-widget-container\">\n\t\t\t\t\t<h2 class=\"elementor-heading-title elementor-size-default\">Cala Jondal: Where Gastronomy Meets Nature<\/h2>\t\t\t\t<\/div>\n\t\t\t\t<\/div>\n\t\t\t\t<div class=\"elementor-element elementor-element-0ca5cae elementor-widget elementor-widget-text-editor\" data-id=\"0ca5cae\" data-element_type=\"widget\" data-e-type=\"widget\" data-widget_type=\"text-editor.default\">\n\t\t\t\t<div class=\"elementor-widget-container\">\n\t\t\t\t\t\t\t\t\t<p>We continue to the stunning Jondal cove, home to exquisite restaurants and the famous Blue Marlin Beach Club. Be captivated by the crystal clear waters and multicolored rock formations that surround this coastal paradise.<\/p>\t\t\t\t\t\t\t\t<\/div>\n\t\t\t\t<\/div>\n\t\t\t\t<div class=\"elementor-element elementor-element-2a8b158 elementor-widget elementor-widget-heading\" data-id=\"2a8b158\" data-element_type=\"widget\" data-e-type=\"widget\" data-widget_type=\"heading.default\">\n\t\t\t\t<div class=\"elementor-widget-container\">\n\t\t\t\t\t<h2 class=\"elementor-heading-title elementor-size-default\">Porroig: Discover Ibiza's Authenticity<\/h2>\t\t\t\t<\/div>\n\t\t\t\t<\/div>\n\t\t\t\t<div class=\"elementor-element elementor-element-9f2d5dd elementor-widget elementor-widget-text-editor\" data-id=\"9f2d5dd\" data-element_type=\"widget\" data-e-type=\"widget\" data-widget_type=\"text-editor.default\">\n\t\t\t\t<div class=\"elementor-widget-container\">\n\t\t\t\t\t\t\t\t\t<p>Explore the picturesque area of Porroig, with its charming fishermen&#8217;s huts and multiple places to anchor. From es Torrent to Cala Llentrisca, every corner will surprise you with its natural beauty and rich tradition.<\/p>\t\t\t\t\t\t\t\t<\/div>\n\t\t\t\t<\/div>\n\t\t\t\t<div class=\"elementor-element elementor-element-3445213 elementor-widget elementor-widget-heading\" data-id=\"3445213\" data-element_type=\"widget\" data-e-type=\"widget\" data-widget_type=\"heading.default\">\n\t\t\t\t<div class=\"elementor-widget-container\">\n\t\t\t\t\t<h2 class=\"elementor-heading-title elementor-size-default\">Sa Pedrera (Atlantis): Where History and Nature Merge<\/h2>\t\t\t\t<\/div>\n\t\t\t\t<\/div>\n\t\t\t\t<div class=\"elementor-element elementor-element-323a8e9 elementor-widget elementor-widget-text-editor\" data-id=\"323a8e9\" data-element_type=\"widget\" data-e-type=\"widget\" data-widget_type=\"text-editor.default\">\n\t\t\t\t<div class=\"elementor-widget-container\">\n\t\t\t\t\t\t\t\t\t<p>Immerse yourself in history in Sa Pedrera, known as Atlantis, an old quarry that now offers natural pools and unique landscapes that will leave you speechless.<\/p>\t\t\t\t\t\t\t\t<\/div>\n\t\t\t\t<\/div>\n\t\t\t\t<div class=\"elementor-element elementor-element-5e66437 elementor-widget elementor-widget-heading\" data-id=\"5e66437\" data-element_type=\"widget\" data-e-type=\"widget\" data-widget_type=\"heading.default\">\n\t\t\t\t<div class=\"elementor-widget-container\">\n\t\t\t\t\t<h2 class=\"elementor-heading-title elementor-size-default\">Es Vedr\u00e0: Ibiza's Natural Icon<\/h2>\t\t\t\t<\/div>\n\t\t\t\t<\/div>\n\t\t\t\t<div class=\"elementor-element elementor-element-71ff054 elementor-widget elementor-widget-text-editor\" data-id=\"71ff054\" data-element_type=\"widget\" data-e-type=\"widget\" data-widget_type=\"text-editor.default\">\n\t\t\t\t<div class=\"elementor-widget-container\">\n\t\t\t\t\t\t\t\t\t<p>Our final destination is the mysterious Vedr\u00e0, an imposing rock surrounded by myths and legends. Enjoy a rejuvenating swim in its crystal clear waters and witness a breathtaking sunset.<\/p>\t\t\t\t\t\t\t\t<\/div>\n\t\t\t\t<\/div>\n\t\t\t\t<div class=\"elementor-element elementor-element-ed63167 elementor-widget elementor-widget-heading\" data-id=\"ed63167\" data-element_type=\"widget\" data-e-type=\"widget\" data-widget_type=\"heading.default\">\n\t\t\t\t<div class=\"elementor-widget-container\">\n\t\t\t\t\t<h2 class=\"elementor-heading-title elementor-size-default\">Return to Ibiza: With Memories That Will Last Forever<\/h2>\t\t\t\t<\/div>\n\t\t\t\t<\/div>\n\t\t\t\t<div class=\"elementor-element elementor-element-2c78db4 elementor-widget elementor-widget-text-editor\" data-id=\"2c78db4\" data-element_type=\"widget\" data-e-type=\"widget\" data-widget_type=\"text-editor.default\">\n\t\t\t\t<div class=\"elementor-widget-container\">\n\t\t\t\t\t\t\t\t\t<p>After a day full of emotions, we return to Ibiza, taking with us the memories of an adventure we will never forget. Get ready to experience moments that will leave you in awe!<\/p><p>Live the Experience of a Lifetime and Discover the South of Ibiza as You Never Imagined!<\/p>\t\t\t\t\t\t\t\t<\/div>\n\t\t\t\t<\/div>\n\t\t\t\t<div class=\"elementor-element elementor-element-5611297 elementor-mobile-align-center elementor-align-center elementor-widget elementor-widget-button\" data-id=\"5611297\" data-element_type=\"widget\" data-e-type=\"widget\" data-widget_type=\"button.default\">\n\t\t\t\t<div class=\"elementor-widget-container\">\n\t\t\t\t\t\t\t\t\t<div class=\"elementor-button-wrapper\">\n\t\t\t\t\t<a class=\"elementor-button elementor-button-link elementor-size-sm\" href=\"https:\/\/enjoyibizacharter.com\/en\/ibiza-boat-rental\/\">\n\t\t\t\t\t\t<span class=\"elementor-button-content-wrapper\">\n\t\t\t\t\t\t\t\t\t<span class=\"elementor-button-text\">Rent a boat<\/span>\n\t\t\t\t\t<\/span>\n\t\t\t\t\t<\/a>\n\t\t\t\t<\/div>\n\t\t\t\t\t\t\t\t<\/div>\n\t\t\t\t<\/div>\n\t\t\t\t\t<\/div>\n\t\t<\/div>\n\t\t\t\t\t<\/div>\n\t\t<\/section>\n\t\t\t\t<\/div>\n\t\t","protected":false},"excerpt":{"rendered":"<p>Ibiza South Boat Route Cala Pluma &#8211; Cala Jondal &#8211; Atlantis &#8211; Es Vedr\u00e0 Ready to explore the best kept secrets of southern Ibiza? Get ready for an unforgettable experience full of natural beauty, crystal clear waters and magical moments! Pluma Cove: Your Secret Haven in Paradise Our trip begins in the paradisiacal Pluma cove, [&hellip;]<\/p>\n","protected":false},"author":1,"featured_media":0,"parent":12021,"menu_order":2,"comment_status":"closed","ping_status":"closed","template":"","meta":{"_acf_changed":false,"_joinchat":[],"footnotes":""},"class_list":["post-12038","page","type-page","status-publish","hentry"],"acf":[],"yoast_head":"<!-- This site is optimized with the Yoast SEO Premium plugin v26.6 (Yoast SEO v27.4) - https:\/\/yoast.com\/product\/yoast-seo-premium-wordpress\/ -->\n<title>Boat route around South ibiza - Es Vedr\u00e0 and Cala Jondal<\/title>\n<meta name=\"description\" content=\"South Ibiza boat route with stops at Cala Jondal, Atlantis and Es Vedr\u00e0. Ideal for bathing, relaxation and unique landscapes. Reserve your boat.\" \/>\n<meta name=\"robots\" content=\"index, follow, max-snippet:-1, max-image-preview:large, max-video-preview:-1\" \/>\n<link rel=\"canonical\" href=\"https:\/\/enjoyibizacharter.com\/en\/boat-routes\/south-ibiza\/\" \/>\n<meta property=\"og:locale\" content=\"en_US\" \/>\n<meta property=\"og:type\" content=\"article\" \/>\n<meta property=\"og:title\" content=\"Ibiza South\" \/>\n<meta property=\"og:description\" content=\"South Ibiza boat route with stops at Cala Jondal, Atlantis and Es Vedr\u00e0. Ideal for bathing, relaxation and unique landscapes. Reserve your boat.\" \/>\n<meta property=\"og:url\" content=\"https:\/\/enjoyibizacharter.com\/en\/boat-routes\/south-ibiza\/\" \/>\n<meta property=\"og:site_name\" content=\"Enjoy Ibiza Charter\" \/>\n<meta property=\"article:publisher\" content=\"https:\/\/www.facebook.com\/enjoyibizacharter\" \/>\n<meta property=\"article:modified_time\" content=\"2026-04-10T09:45:31+00:00\" \/>\n<meta property=\"og:image\" content=\"https:\/\/enjoyibizacharter.com\/wp-content\/uploads\/2026\/02\/ruta-ibiza-sur-enjoy-ibiza-charter.webp\" \/>\n\t<meta property=\"og:image:width\" content=\"1920\" \/>\n\t<meta property=\"og:image:height\" content=\"1080\" \/>\n\t<meta property=\"og:image:type\" content=\"image\/webp\" \/>\n<meta name=\"twitter:card\" content=\"summary_large_image\" \/>\n<meta name=\"twitter:label1\" content=\"Est. reading time\" \/>\n\t<meta name=\"twitter:data1\" content=\"1 minute\" \/>\n<script type=\"application\/ld+json\" class=\"yoast-schema-graph\">{\"@context\":\"https:\\\/\\\/schema.org\",\"@graph\":[{\"@type\":\"WebPage\",\"@id\":\"https:\\\/\\\/enjoyibizacharter.com\\\/en\\\/boat-routes\\\/south-ibiza\\\/\",\"url\":\"https:\\\/\\\/enjoyibizacharter.com\\\/en\\\/boat-routes\\\/south-ibiza\\\/\",\"name\":\"Boat route around South ibiza - Es Vedr\u00e0 and Cala Jondal\",\"isPartOf\":{\"@id\":\"https:\\\/\\\/enjoyibizacharter.com\\\/en\\\/#website\"},\"primaryImageOfPage\":{\"@id\":\"https:\\\/\\\/enjoyibizacharter.com\\\/en\\\/boat-routes\\\/south-ibiza\\\/#primaryimage\"},\"image\":{\"@id\":\"https:\\\/\\\/enjoyibizacharter.com\\\/en\\\/boat-routes\\\/south-ibiza\\\/#primaryimage\"},\"thumbnailUrl\":\"https:\\\/\\\/enjoyibizacharter.com\\\/wp-content\\\/uploads\\\/2026\\\/02\\\/ruta-ibiza-sur-enjoy-ibiza-charter-1024x576.webp\",\"datePublished\":\"2023-10-06T08:58:07+00:00\",\"dateModified\":\"2026-04-10T09:45:31+00:00\",\"description\":\"South Ibiza boat route with stops at Cala Jondal, Atlantis and Es Vedr\u00e0. Ideal for bathing, relaxation and unique landscapes. Reserve your boat.\",\"breadcrumb\":{\"@id\":\"https:\\\/\\\/enjoyibizacharter.com\\\/en\\\/boat-routes\\\/south-ibiza\\\/#breadcrumb\"},\"inLanguage\":\"en-US\",\"potentialAction\":[{\"@type\":\"ReadAction\",\"target\":[\"https:\\\/\\\/enjoyibizacharter.com\\\/en\\\/boat-routes\\\/south-ibiza\\\/\"]}]},{\"@type\":\"ImageObject\",\"inLanguage\":\"en-US\",\"@id\":\"https:\\\/\\\/enjoyibizacharter.com\\\/en\\\/boat-routes\\\/south-ibiza\\\/#primaryimage\",\"url\":\"https:\\\/\\\/enjoyibizacharter.com\\\/wp-content\\\/uploads\\\/2026\\\/02\\\/ruta-ibiza-sur-enjoy-ibiza-charter-1024x576.webp\",\"contentUrl\":\"https:\\\/\\\/enjoyibizacharter.com\\\/wp-content\\\/uploads\\\/2026\\\/02\\\/ruta-ibiza-sur-enjoy-ibiza-charter-1024x576.webp\"},{\"@type\":\"BreadcrumbList\",\"@id\":\"https:\\\/\\\/enjoyibizacharter.com\\\/en\\\/boat-routes\\\/south-ibiza\\\/#breadcrumb\",\"itemListElement\":[{\"@type\":\"ListItem\",\"position\":1,\"name\":\"Inicio\",\"item\":\"https:\\\/\\\/enjoyibizacharter.com\\\/en\\\/home\\\/\"},{\"@type\":\"ListItem\",\"position\":2,\"name\":\"Routes\",\"item\":\"https:\\\/\\\/enjoyibizacharter.com\\\/en\\\/boat-routes\\\/\"},{\"@type\":\"ListItem\",\"position\":3,\"name\":\"Ibiza South\"}]},{\"@type\":\"WebSite\",\"@id\":\"https:\\\/\\\/enjoyibizacharter.com\\\/en\\\/#website\",\"url\":\"https:\\\/\\\/enjoyibizacharter.com\\\/en\\\/\",\"name\":\"Enjoy Ibiza Charter\",\"description\":\"Charter y Servicios N\u00e1uticos en Ibiza\",\"publisher\":{\"@id\":\"https:\\\/\\\/enjoyibizacharter.com\\\/en\\\/#organization\"},\"alternateName\":\"Enjoy Ibiza Charter\",\"potentialAction\":[{\"@type\":\"SearchAction\",\"target\":{\"@type\":\"EntryPoint\",\"urlTemplate\":\"https:\\\/\\\/enjoyibizacharter.com\\\/en\\\/?s={search_term_string}\"},\"query-input\":{\"@type\":\"PropertyValueSpecification\",\"valueRequired\":true,\"valueName\":\"search_term_string\"}}],\"inLanguage\":\"en-US\"},{\"@type\":\"Organization\",\"@id\":\"https:\\\/\\\/enjoyibizacharter.com\\\/en\\\/#organization\",\"name\":\"Enjoy Ibiza Charter\",\"alternateName\":\"Enjoy Ibiza Charter\",\"url\":\"https:\\\/\\\/enjoyibizacharter.com\\\/en\\\/\",\"logo\":{\"@type\":\"ImageObject\",\"inLanguage\":\"en-US\",\"@id\":\"https:\\\/\\\/enjoyibizacharter.com\\\/en\\\/#\\\/schema\\\/logo\\\/image\\\/\",\"url\":\"https:\\\/\\\/enjoyibizacharter.com\\\/wp-content\\\/uploads\\\/2026\\\/02\\\/icono-enjoy-ibiza-charter.webp\",\"contentUrl\":\"https:\\\/\\\/enjoyibizacharter.com\\\/wp-content\\\/uploads\\\/2026\\\/02\\\/icono-enjoy-ibiza-charter.webp\",\"width\":512,\"height\":512,\"caption\":\"Enjoy Ibiza Charter\"},\"image\":{\"@id\":\"https:\\\/\\\/enjoyibizacharter.com\\\/en\\\/#\\\/schema\\\/logo\\\/image\\\/\"},\"sameAs\":[\"https:\\\/\\\/www.facebook.com\\\/enjoyibizacharter\",\"https:\\\/\\\/www.instagram.com\\\/enjoyibizacharter\"],\"description\":\"Empresa especializada en charter n\u00e1utico con gesti\u00f3n directa de flota en Ibiza y Formentera. M\u00e1s de 15 a\u00f1os de experiencia y equipo local.\",\"email\":\"info@enjoyibizacharter.com\",\"telephone\":\"(+34) 640 559 890\",\"legalName\":\"Enjoy Ibiza Charter\",\"vatID\":\"X3630038V\"}]}<\/script>\n<!-- \/ Yoast SEO Premium plugin. -->","yoast_head_json":{"title":"Boat route around South ibiza - Es Vedr\u00e0 and Cala Jondal","description":"South Ibiza boat route with stops at Cala Jondal, Atlantis and Es Vedr\u00e0. Ideal for bathing, relaxation and unique landscapes. Reserve your boat.","robots":{"index":"index","follow":"follow","max-snippet":"max-snippet:-1","max-image-preview":"max-image-preview:large","max-video-preview":"max-video-preview:-1"},"canonical":"https:\/\/enjoyibizacharter.com\/en\/boat-routes\/south-ibiza\/","og_locale":"en_US","og_type":"article","og_title":"Ibiza South","og_description":"South Ibiza boat route with stops at Cala Jondal, Atlantis and Es Vedr\u00e0. Ideal for bathing, relaxation and unique landscapes. Reserve your boat.","og_url":"https:\/\/enjoyibizacharter.com\/en\/boat-routes\/south-ibiza\/","og_site_name":"Enjoy Ibiza Charter","article_publisher":"https:\/\/www.facebook.com\/enjoyibizacharter","article_modified_time":"2026-04-10T09:45:31+00:00","og_image":[{"width":1920,"height":1080,"url":"https:\/\/enjoyibizacharter.com\/wp-content\/uploads\/2026\/02\/ruta-ibiza-sur-enjoy-ibiza-charter.webp","type":"image\/webp"}],"twitter_card":"summary_large_image","twitter_misc":{"Est. reading time":"1 minute"},"schema":{"@context":"https:\/\/schema.org","@graph":[{"@type":"WebPage","@id":"https:\/\/enjoyibizacharter.com\/en\/boat-routes\/south-ibiza\/","url":"https:\/\/enjoyibizacharter.com\/en\/boat-routes\/south-ibiza\/","name":"Boat route around South ibiza - Es Vedr\u00e0 and Cala Jondal","isPartOf":{"@id":"https:\/\/enjoyibizacharter.com\/en\/#website"},"primaryImageOfPage":{"@id":"https:\/\/enjoyibizacharter.com\/en\/boat-routes\/south-ibiza\/#primaryimage"},"image":{"@id":"https:\/\/enjoyibizacharter.com\/en\/boat-routes\/south-ibiza\/#primaryimage"},"thumbnailUrl":"https:\/\/enjoyibizacharter.com\/wp-content\/uploads\/2026\/02\/ruta-ibiza-sur-enjoy-ibiza-charter-1024x576.webp","datePublished":"2023-10-06T08:58:07+00:00","dateModified":"2026-04-10T09:45:31+00:00","description":"South Ibiza boat route with stops at Cala Jondal, Atlantis and Es Vedr\u00e0. Ideal for bathing, relaxation and unique landscapes. Reserve your boat.","breadcrumb":{"@id":"https:\/\/enjoyibizacharter.com\/en\/boat-routes\/south-ibiza\/#breadcrumb"},"inLanguage":"en-US","potentialAction":[{"@type":"ReadAction","target":["https:\/\/enjoyibizacharter.com\/en\/boat-routes\/south-ibiza\/"]}]},{"@type":"ImageObject","inLanguage":"en-US","@id":"https:\/\/enjoyibizacharter.com\/en\/boat-routes\/south-ibiza\/#primaryimage","url":"https:\/\/enjoyibizacharter.com\/wp-content\/uploads\/2026\/02\/ruta-ibiza-sur-enjoy-ibiza-charter-1024x576.webp","contentUrl":"https:\/\/enjoyibizacharter.com\/wp-content\/uploads\/2026\/02\/ruta-ibiza-sur-enjoy-ibiza-charter-1024x576.webp"},{"@type":"BreadcrumbList","@id":"https:\/\/enjoyibizacharter.com\/en\/boat-routes\/south-ibiza\/#breadcrumb","itemListElement":[{"@type":"ListItem","position":1,"name":"Inicio","item":"https:\/\/enjoyibizacharter.com\/en\/home\/"},{"@type":"ListItem","position":2,"name":"Routes","item":"https:\/\/enjoyibizacharter.com\/en\/boat-routes\/"},{"@type":"ListItem","position":3,"name":"Ibiza South"}]},{"@type":"WebSite","@id":"https:\/\/enjoyibizacharter.com\/en\/#website","url":"https:\/\/enjoyibizacharter.com\/en\/","name":"Enjoy Ibiza Charter","description":"Charter y Servicios N\u00e1uticos en Ibiza","publisher":{"@id":"https:\/\/enjoyibizacharter.com\/en\/#organization"},"alternateName":"Enjoy Ibiza Charter","potentialAction":[{"@type":"SearchAction","target":{"@type":"EntryPoint","urlTemplate":"https:\/\/enjoyibizacharter.com\/en\/?s={search_term_string}"},"query-input":{"@type":"PropertyValueSpecification","valueRequired":true,"valueName":"search_term_string"}}],"inLanguage":"en-US"},{"@type":"Organization","@id":"https:\/\/enjoyibizacharter.com\/en\/#organization","name":"Enjoy Ibiza Charter","alternateName":"Enjoy Ibiza Charter","url":"https:\/\/enjoyibizacharter.com\/en\/","logo":{"@type":"ImageObject","inLanguage":"en-US","@id":"https:\/\/enjoyibizacharter.com\/en\/#\/schema\/logo\/image\/","url":"https:\/\/enjoyibizacharter.com\/wp-content\/uploads\/2026\/02\/icono-enjoy-ibiza-charter.webp","contentUrl":"https:\/\/enjoyibizacharter.com\/wp-content\/uploads\/2026\/02\/icono-enjoy-ibiza-charter.webp","width":512,"height":512,"caption":"Enjoy Ibiza Charter"},"image":{"@id":"https:\/\/enjoyibizacharter.com\/en\/#\/schema\/logo\/image\/"},"sameAs":["https:\/\/www.facebook.com\/enjoyibizacharter","https:\/\/www.instagram.com\/enjoyibizacharter"],"description":"Empresa especializada en charter n\u00e1utico con gesti\u00f3n directa de flota en Ibiza y Formentera. M\u00e1s de 15 a\u00f1os de experiencia y equipo local.","email":"info@enjoyibizacharter.com","telephone":"(+34) 640 559 890","legalName":"Enjoy Ibiza Charter","vatID":"X3630038V"}]}},"_links":{"self":[{"href":"https:\/\/enjoyibizacharter.com\/en\/wp-json\/wp\/v2\/pages\/12038","targetHints":{"allow":["GET"]}}],"collection":[{"href":"https:\/\/enjoyibizacharter.com\/en\/wp-json\/wp\/v2\/pages"}],"about":[{"href":"https:\/\/enjoyibizacharter.com\/en\/wp-json\/wp\/v2\/types\/page"}],"author":[{"embeddable":true,"href":"https:\/\/enjoyibizacharter.com\/en\/wp-json\/wp\/v2\/users\/1"}],"replies":[{"embeddable":true,"href":"https:\/\/enjoyibizacharter.com\/en\/wp-json\/wp\/v2\/comments?post=12038"}],"version-history":[{"count":2,"href":"https:\/\/enjoyibizacharter.com\/en\/wp-json\/wp\/v2\/pages\/12038\/revisions"}],"predecessor-version":[{"id":12190,"href":"https:\/\/enjoyibizacharter.com\/en\/wp-json\/wp\/v2\/pages\/12038\/revisions\/12190"}],"up":[{"embeddable":true,"href":"https:\/\/enjoyibizacharter.com\/en\/wp-json\/wp\/v2\/pages\/12021"}],"wp:attachment":[{"href":"https:\/\/enjoyibizacharter.com\/en\/wp-json\/wp\/v2\/media?parent=12038"}],"curies":[{"name":"wp","href":"https:\/\/api.w.org\/{rel}","templated":true}]}}